{"id":831,"date":"2020-02-17T15:34:09","date_gmt":"2020-02-17T15:34:09","guid":{"rendered":"http:\/\/c3.usac.edu.gt\/cip.usac.edu.gt\/public_html\/?page_id=831"},"modified":"2025-10-24T16:18:37","modified_gmt":"2025-10-24T16:18:37","slug":"37-decreto-101-97-articulo-17-ter-inciso-h","status":"publish","type":"page","link":"https:\/\/cip.usac.edu.gt\/index.php\/37-decreto-101-97-articulo-17-ter-inciso-h\/","title":{"rendered":"37. Decreto 101-97 Art\u00edculo 17 Ter. Inciso h"},"content":{"rendered":"\n<p><br>Informes de liquidaci\u00f3n presupuestaria del ejercicio fiscal anterior.<\/p>\n\n\n\n<div class=\"wp-block-buttons is-layout-flex wp-block-buttons-is-layout-flex\">\n<div class=\"wp-block-button\"><a class=\"wp-block-button__link has-background wp-element-button\" href=\"https:\/\/cip.usac.edu.gt\/wp-content\/uploads\/2025\/10\/Liquidacion-2024.pdf\" style=\"background-color:#2c7cf2\">liquidaci\u00f3n Presupuestaria 2024<\/a><\/div>\n<\/div>\n\n\n\n<p><br>Informes de liquidaci\u00f3n presupuestaria del ejercicio fiscal anterior.<\/p>\n\n\n\n<div class=\"wp-block-buttons is-layout-flex wp-block-buttons-is-layout-flex\">\n<div class=\"wp-block-button\"><a class=\"wp-block-button__link has-background wp-element-button\" href=\"https:\/\/cip.usac.edu.gt\/wp-content\/uploads\/2024\/06\/2.-Cierre-Fiscal-2023-Liquidacion-Presupuesto-Ingresos-y-Egresos-1.pdf\" style=\"background-color:#2c7cf2\">liquidaci\u00f3n Presupuestaria 2023<\/a><\/div>\n<\/div>\n\n\n\n<h2 class=\"wp-block-heading\">Liquidaci\u00f3n presupuestaria <\/h2>\n\n\n\n<p>ejercicio <\/p>\n\n\n\n<hr class=\"wp-block-separator has-css-opacity\"\/>\n\n\n\n<div class=\"wp-block-buttons is-layout-flex wp-block-buttons-is-layout-flex\">\n<div class=\"wp-block-button\"><a class=\"wp-block-button__link has-background wp-element-button\" href=\"https:\/\/cip.usac.edu.gt\/wp-content\/uploads\/2022\/01\/No-37-2021.pdf\" style=\"background-color:#2c7cf2\">Liquidaci\u00f3n Presupuestaria 2021  <\/a><\/div>\n<\/div>\n\n\n\n<hr class=\"wp-block-separator has-css-opacity\"\/>\n\n\n\n<div class=\"wp-block-button\"><a class=\"wp-block-button__link has-background wp-element-button\" href=\"https:\/\/cip.usac.edu.gt\/wp-content\/uploads\/2021\/01\/NUmeral-37-2020.pdf\" style=\"background-color:#2c7cf2\" target=\"_blank\" rel=\"noreferrer noopener\">Liquidaci\u00f3n Presupuestaria 2020<\/a><\/div>\n\n\n\n<hr class=\"wp-block-separator has-css-opacity\"\/>\n\n\n\n<div class=\"wp-block-button\"><a class=\"wp-block-button__link has-background wp-element-button\" href=\"https:\/\/cip.usac.edu.gt\/wp-content\/uploads\/2020\/03\/ejecucion-general-de-gasto-2019.pdf\" style=\"background-color:#2c7cf2\" target=\"_blank\" rel=\"noreferrer noopener\">Liquidaci\u00f3n Presupuestaria 2019<\/a><\/div>\n\n\n\n<hr class=\"wp-block-separator has-css-opacity\"\/>\n\n\n\n<div class=\"wp-block-button\"><a class=\"wp-block-button__link has-background wp-element-button\" href=\"https:\/\/cip.usac.edu.gt\/wp-content\/uploads\/2020\/02\/Informes-de-liquidacion-presupuestaria-2018.pdf\" style=\"background-color:#2c7cf2\" target=\"_blank\" rel=\"noreferrer noopener\">Liquidaci\u00f3n Presupuestaria 2018<\/a><\/div>\n","protected":false},"excerpt":{"rendered":"<p>Informes de liquidaci\u00f3n presupuestaria del ejercicio fiscal anterior. Informes de liquidaci\u00f3n presupuestaria del ejercicio fiscal anterior. Liquidaci\u00f3n presupuestaria ejercicio<\/p>\n","protected":false},"author":2,"featured_media":0,"parent":0,"menu_order":0,"comment_status":"closed","ping_status":"closed","template":"","meta":{"footnotes":""},"class_list":["post-831","page","type-page","status-publish","czr-hentry"],"_links":{"self":[{"href":"https:\/\/cip.usac.edu.gt\/index.php\/wp-json\/wp\/v2\/pages\/831","targetHints":{"allow":["GET"]}}],"collection":[{"href":"https:\/\/cip.usac.edu.gt\/index.php\/wp-json\/wp\/v2\/pages"}],"about":[{"href":"https:\/\/cip.usac.edu.gt\/index.php\/wp-json\/wp\/v2\/types\/page"}],"author":[{"embeddable":true,"href":"https:\/\/cip.usac.edu.gt\/index.php\/wp-json\/wp\/v2\/users\/2"}],"replies":[{"embeddable":true,"href":"https:\/\/cip.usac.edu.gt\/index.php\/wp-json\/wp\/v2\/comments?post=831"}],"version-history":[{"count":10,"href":"https:\/\/cip.usac.edu.gt\/index.php\/wp-json\/wp\/v2\/pages\/831\/revisions"}],"predecessor-version":[{"id":6762,"href":"https:\/\/cip.usac.edu.gt\/index.php\/wp-json\/wp\/v2\/pages\/831\/revisions\/6762"}],"wp:attachment":[{"href":"https:\/\/cip.usac.edu.gt\/index.php\/wp-json\/wp\/v2\/media?parent=831"}],"curies":[{"name":"wp","href":"https:\/\/api.w.org\/{rel}","templated":true}]}}