{"id":814,"date":"2020-02-17T14:31:13","date_gmt":"2020-02-17T14:31:13","guid":{"rendered":"http:\/\/c3.usac.edu.gt\/cip.usac.edu.gt\/public_html\/?page_id=814"},"modified":"2026-01-28T17:39:47","modified_gmt":"2026-01-28T17:39:47","slug":"34-decreto-101-97-articulo-17-ter-inciso-e","status":"publish","type":"page","link":"https:\/\/cip.usac.edu.gt\/index.php\/34-decreto-101-97-articulo-17-ter-inciso-e\/","title":{"rendered":"34. Decreto 101-97 Art\u00edculo 17 Ter. Inciso e"},"content":{"rendered":"\n<p>Todo tipo de convenios suscritos con Organizaciones No Gubernamentales, Asociaciones legalmente constituidas, Organismos Regionales o Internacionales, as\u00ed como informes correspondientes de avances f\u00edsicos y financieros que se deriven de tales convenios.&nbsp;<\/p>\n\n\n\n<p class=\"has-large-font-size\">Listado de convenios <\/p>\n\n\n\n<div class=\"wp-block-group\"><div class=\"wp-block-group__inner-container is-layout-flow wp-block-group-is-layout-flow\">\n<h2 class=\"wp-block-heading has-text-align-center\" id=\"ano-2021\"><strong>A\u00f1o 202<\/strong>5<\/h2>\n\n\n\n<div class=\"wp-block-group\"><div class=\"wp-block-group__inner-container is-layout-flow wp-block-group-is-layout-flow\">\n<div class=\"wp-block-columns is-layout-flex wp-container-core-columns-is-layout-9d6595d7 wp-block-columns-is-layout-flex\">\n<div class=\"wp-block-column is-layout-flow wp-block-column-is-layout-flow\">\n<figure class=\"wp-block-image size-full\"><img loading=\"lazy\" decoding=\"async\" width=\"173\" height=\"174\" src=\"https:\/\/cip.usac.edu.gt\/wp-content\/uploads\/2025\/02\/Enero-2025.png\" alt=\"\" class=\"wp-image-6220\" srcset=\"https:\/\/cip.usac.edu.gt\/wp-content\/uploads\/2025\/02\/Enero-2025.png 173w, https:\/\/cip.usac.edu.gt\/wp-content\/uploads\/2025\/02\/Enero-2025-150x150.png 150w\" sizes=\"auto, (max-width: 173px) 100vw, 173px\" \/><\/figure>\n\n\n\n<p class=\"has-vivid-red-color has-text-color has-link-color wp-elements-c20ce07d9caa1f1b0f08fd96cadaad27\">No se suscribieron convenios durante  el mes <\/p>\n<\/div>\n\n\n\n<div class=\"wp-block-column is-layout-flow wp-block-column-is-layout-flow\">\n<figure class=\"wp-block-image size-full is-resized\"><a href=\"https:\/\/cip.usac.edu.gt\/wp-content\/uploads\/2025\/04\/Cooperacion-Febrero-2025.pdf\"><img loading=\"lazy\" decoding=\"async\" width=\"173\" height=\"174\" src=\"https:\/\/cip.usac.edu.gt\/wp-content\/uploads\/2025\/03\/Feb-205.png\" alt=\"\" class=\"wp-image-6335\" style=\"width:136px;height:auto\" srcset=\"https:\/\/cip.usac.edu.gt\/wp-content\/uploads\/2025\/03\/Feb-205.png 173w, https:\/\/cip.usac.edu.gt\/wp-content\/uploads\/2025\/03\/Feb-205-150x150.png 150w\" sizes=\"auto, (max-width: 173px) 100vw, 173px\" \/><\/a><\/figure>\n\n\n\n<p class=\"has-text-align-center has-vivid-red-color has-text-color has-link-color wp-elements-ea4fcc9eb9c87c98ad4be583710f7f05\"><\/p>\n<\/div>\n\n\n\n<div class=\"wp-block-column is-layout-flow wp-block-column-is-layout-flow\">\n<figure class=\"wp-block-image size-full\"><img loading=\"lazy\" decoding=\"async\" width=\"173\" height=\"174\" src=\"https:\/\/cip.usac.edu.gt\/wp-content\/uploads\/2025\/04\/marzo-2025.png\" alt=\"\" class=\"wp-image-6413\" srcset=\"https:\/\/cip.usac.edu.gt\/wp-content\/uploads\/2025\/04\/marzo-2025.png 173w, https:\/\/cip.usac.edu.gt\/wp-content\/uploads\/2025\/04\/marzo-2025-150x150.png 150w\" sizes=\"auto, (max-width: 173px) 100vw, 173px\" \/><\/figure>\n\n\n\n<p class=\"has-text-align-center has-vivid-red-color has-text-color has-link-color wp-elements-b4a8e4faf17944543963391aee80023f\">No se suscribieron convenios durante el mes<\/p>\n<\/div>\n\n\n\n<div class=\"wp-block-column is-layout-flow wp-block-column-is-layout-flow\">\n<figure class=\"wp-block-image size-full\"><img loading=\"lazy\" decoding=\"async\" width=\"173\" height=\"174\" src=\"https:\/\/cip.usac.edu.gt\/wp-content\/uploads\/2025\/05\/abril-2025.png\" alt=\"\" class=\"wp-image-6440\" srcset=\"https:\/\/cip.usac.edu.gt\/wp-content\/uploads\/2025\/05\/abril-2025.png 173w, https:\/\/cip.usac.edu.gt\/wp-content\/uploads\/2025\/05\/abril-2025-150x150.png 150w\" sizes=\"auto, (max-width: 173px) 100vw, 173px\" \/><\/figure>\n\n\n\n<p class=\"has-text-align-center has-vivid-red-color has-text-color has-link-color wp-elements-b4a8e4faf17944543963391aee80023f\">No se suscribieron convenios durante el mes<\/p>\n<\/div>\n\n\n\n<div class=\"wp-block-column is-layout-flow wp-block-column-is-layout-flow\">\n<figure class=\"wp-block-image size-full\"><img loading=\"lazy\" decoding=\"async\" width=\"173\" height=\"174\" src=\"https:\/\/cip.usac.edu.gt\/wp-content\/uploads\/2025\/05\/mayo-2025.png\" alt=\"\" class=\"wp-image-6438\" srcset=\"https:\/\/cip.usac.edu.gt\/wp-content\/uploads\/2025\/05\/mayo-2025.png 173w, https:\/\/cip.usac.edu.gt\/wp-content\/uploads\/2025\/05\/mayo-2025-150x150.png 150w\" sizes=\"auto, (max-width: 173px) 100vw, 173px\" \/><\/figure>\n\n\n\n<p class=\"has-vivid-red-color has-text-color has-link-color wp-elements-b5cc5709b99320435def84a5ffc419d7\">No se suscribieron convenios durante el mes<\/p>\n<\/div>\n\n\n\n<div class=\"wp-block-column is-layout-flow wp-block-column-is-layout-flow\">\n<figure class=\"wp-block-image size-full\"><a href=\"https:\/\/cip.usac.edu.gt\/wp-content\/uploads\/2025\/09\/junio-2025.pdf\"><img loading=\"lazy\" decoding=\"async\" width=\"173\" height=\"174\" src=\"https:\/\/cip.usac.edu.gt\/wp-content\/uploads\/2025\/08\/Junio-2025.png\" alt=\"\" class=\"wp-image-6578\" srcset=\"https:\/\/cip.usac.edu.gt\/wp-content\/uploads\/2025\/08\/Junio-2025.png 173w, https:\/\/cip.usac.edu.gt\/wp-content\/uploads\/2025\/08\/Junio-2025-150x150.png 150w\" sizes=\"auto, (max-width: 173px) 100vw, 173px\" \/><\/a><\/figure>\n<\/div>\n<\/div>\n\n\n\n<div class=\"wp-block-columns is-layout-flex wp-container-core-columns-is-layout-9d6595d7 wp-block-columns-is-layout-flex\">\n<div class=\"wp-block-column is-layout-flow wp-block-column-is-layout-flow\">\n<figure class=\"wp-block-image size-full\"><a href=\"https:\/\/cip.usac.edu.gt\/wp-content\/uploads\/2025\/09\/Julio-2025-Convenio.pdf\"><img loading=\"lazy\" decoding=\"async\" width=\"173\" height=\"174\" src=\"https:\/\/cip.usac.edu.gt\/wp-content\/uploads\/2025\/08\/Julio-2025.png\" alt=\"\" class=\"wp-image-6579\" srcset=\"https:\/\/cip.usac.edu.gt\/wp-content\/uploads\/2025\/08\/Julio-2025.png 173w, https:\/\/cip.usac.edu.gt\/wp-content\/uploads\/2025\/08\/Julio-2025-150x150.png 150w\" sizes=\"auto, (max-width: 173px) 100vw, 173px\" \/><\/a><\/figure>\n<\/div>\n\n\n\n<div class=\"wp-block-column is-layout-flow wp-block-column-is-layout-flow\">\n<figure class=\"wp-block-image size-full\"><a href=\"https:\/\/cip.usac.edu.gt\/wp-content\/uploads\/2025\/10\/Agosto-2025-Convenios.pdf\"><img loading=\"lazy\" decoding=\"async\" width=\"173\" height=\"174\" src=\"https:\/\/cip.usac.edu.gt\/wp-content\/uploads\/2025\/09\/Agosto-2025.png\" alt=\"\" class=\"wp-image-6636\" srcset=\"https:\/\/cip.usac.edu.gt\/wp-content\/uploads\/2025\/09\/Agosto-2025.png 173w, https:\/\/cip.usac.edu.gt\/wp-content\/uploads\/2025\/09\/Agosto-2025-150x150.png 150w\" sizes=\"auto, (max-width: 173px) 100vw, 173px\" \/><\/a><\/figure>\n<\/div>\n\n\n\n<div class=\"wp-block-column is-layout-flow wp-block-column-is-layout-flow\">\n<figure class=\"wp-block-image size-full\"><a href=\"https:\/\/cip.usac.edu.gt\/wp-content\/uploads\/2025\/10\/Convenios-Septimebre-2025.pdf\"><img loading=\"lazy\" decoding=\"async\" width=\"173\" height=\"174\" src=\"https:\/\/cip.usac.edu.gt\/wp-content\/uploads\/2025\/10\/septimebre-2025.png\" alt=\"\" class=\"wp-image-6699\" srcset=\"https:\/\/cip.usac.edu.gt\/wp-content\/uploads\/2025\/10\/septimebre-2025.png 173w, https:\/\/cip.usac.edu.gt\/wp-content\/uploads\/2025\/10\/septimebre-2025-150x150.png 150w\" sizes=\"auto, (max-width: 173px) 100vw, 173px\" \/><\/a><\/figure>\n<\/div>\n\n\n\n<div class=\"wp-block-column is-layout-flow wp-block-column-is-layout-flow\">\n<figure class=\"wp-block-image size-full\"><a href=\"https:\/\/cip.usac.edu.gt\/wp-content\/uploads\/2025\/11\/Convenios-Oct-2025.pdf\"><img loading=\"lazy\" decoding=\"async\" width=\"173\" height=\"174\" src=\"https:\/\/cip.usac.edu.gt\/wp-content\/uploads\/2025\/11\/octubre-2025.png\" alt=\"\" class=\"wp-image-6783\" srcset=\"https:\/\/cip.usac.edu.gt\/wp-content\/uploads\/2025\/11\/octubre-2025.png 173w, https:\/\/cip.usac.edu.gt\/wp-content\/uploads\/2025\/11\/octubre-2025-150x150.png 150w\" sizes=\"auto, (max-width: 173px) 100vw, 173px\" \/><\/a><\/figure>\n<\/div>\n\n\n\n<div class=\"wp-block-column is-layout-flow wp-block-column-is-layout-flow\">\n<figure class=\"wp-block-image size-full\"><a href=\"https:\/\/cip.usac.edu.gt\/wp-content\/uploads\/2026\/01\/Convenios-2025-novimembre-diciembre.pdf\"><img loading=\"lazy\" decoding=\"async\" width=\"173\" height=\"174\" src=\"https:\/\/cip.usac.edu.gt\/wp-content\/uploads\/2026\/01\/Nov-2025.png\" alt=\"\" class=\"wp-image-6829\" srcset=\"https:\/\/cip.usac.edu.gt\/wp-content\/uploads\/2026\/01\/Nov-2025.png 173w, https:\/\/cip.usac.edu.gt\/wp-content\/uploads\/2026\/01\/Nov-2025-150x150.png 150w\" sizes=\"auto, (max-width: 173px) 100vw, 173px\" \/><\/a><\/figure>\n<\/div>\n\n\n\n<div class=\"wp-block-column is-layout-flow wp-block-column-is-layout-flow\">\n<figure class=\"wp-block-image size-full\"><a href=\"https:\/\/cip.usac.edu.gt\/wp-content\/uploads\/2026\/01\/Convenios-2025-novimembre-diciembre.pdf\"><img loading=\"lazy\" decoding=\"async\" width=\"173\" height=\"174\" src=\"https:\/\/cip.usac.edu.gt\/wp-content\/uploads\/2026\/01\/Diciembre-2025.png\" alt=\"\" class=\"wp-image-6830\" srcset=\"https:\/\/cip.usac.edu.gt\/wp-content\/uploads\/2026\/01\/Diciembre-2025.png 173w, https:\/\/cip.usac.edu.gt\/wp-content\/uploads\/2026\/01\/Diciembre-2025-150x150.png 150w\" sizes=\"auto, (max-width: 173px) 100vw, 173px\" \/><\/a><\/figure>\n\n\n\n<p class=\"has-vivid-red-color has-text-color has-link-color has-small-font-size wp-elements-5fe8d1f4148b9ec4ca28bc49145ce452\"><\/p>\n<\/div>\n<\/div>\n<\/div><\/div>\n\n\n\n<h2 class=\"wp-block-heading has-text-align-center\" id=\"ano-2021\"><strong>A\u00f1o 202<\/strong>4<\/h2>\n\n\n\n<div class=\"wp-block-group\"><div class=\"wp-block-group__inner-container is-layout-flow wp-block-group-is-layout-flow\">\n<div class=\"wp-block-columns is-layout-flex wp-container-core-columns-is-layout-9d6595d7 wp-block-columns-is-layout-flex\">\n<div class=\"wp-block-column is-layout-flow wp-block-column-is-layout-flow\">\n<figure class=\"wp-block-image size-full\"><a href=\"https:\/\/cip.usac.edu.gt\/wp-content\/uploads\/2024\/03\/DIGA-225-RESPUESTA-OFICIO-CIP-10-2024-PROCESOS-DE-COTIZACION-Y-LICITACION.pdf\"><img loading=\"lazy\" decoding=\"async\" width=\"173\" height=\"174\" src=\"https:\/\/cip.usac.edu.gt\/wp-content\/uploads\/2024\/02\/Enero-2024.png\" alt=\"\" class=\"wp-image-5510\" srcset=\"https:\/\/cip.usac.edu.gt\/wp-content\/uploads\/2024\/02\/Enero-2024.png 173w, https:\/\/cip.usac.edu.gt\/wp-content\/uploads\/2024\/02\/Enero-2024-150x150.png 150w\" sizes=\"auto, (max-width: 173px) 100vw, 173px\" \/><\/a><\/figure>\n<\/div>\n\n\n\n<div class=\"wp-block-column is-layout-flow wp-block-column-is-layout-flow\">\n<figure class=\"wp-block-image size-full is-resized\"><a href=\"https:\/\/cip.usac.edu.gt\/wp-content\/uploads\/2024\/08\/CONVENIO-MARCO-USAC-UNIVERSIDAD-DE-SASSARI-ITALIA-suscrito-ambas-Partes-y-recibido-14-feb-2024.pdf\"><img loading=\"lazy\" decoding=\"async\" width=\"173\" height=\"174\" src=\"https:\/\/cip.usac.edu.gt\/wp-content\/uploads\/2024\/04\/Febrero-2024.png\" alt=\"\" class=\"wp-image-5652\" style=\"width:113px;height:auto\" srcset=\"https:\/\/cip.usac.edu.gt\/wp-content\/uploads\/2024\/04\/Febrero-2024.png 173w, https:\/\/cip.usac.edu.gt\/wp-content\/uploads\/2024\/04\/Febrero-2024-150x150.png 150w\" sizes=\"auto, (max-width: 173px) 100vw, 173px\" \/><\/a><\/figure>\n\n\n\n<p class=\"has-text-align-center has-vivid-red-color has-text-color has-link-color wp-elements-ea4fcc9eb9c87c98ad4be583710f7f05\"><\/p>\n<\/div>\n\n\n\n<div class=\"wp-block-column is-layout-flow wp-block-column-is-layout-flow\">\n<figure class=\"wp-block-image size-full\"><a href=\"https:\/\/cip.usac.edu.gt\/wp-content\/uploads\/2024\/08\/marzo-2024.pdf\"><img loading=\"lazy\" decoding=\"async\" width=\"173\" height=\"174\" src=\"https:\/\/cip.usac.edu.gt\/wp-content\/uploads\/2024\/05\/Marzo-2024.png\" alt=\"\" class=\"wp-image-5706\" srcset=\"https:\/\/cip.usac.edu.gt\/wp-content\/uploads\/2024\/05\/Marzo-2024.png 173w, https:\/\/cip.usac.edu.gt\/wp-content\/uploads\/2024\/05\/Marzo-2024-150x150.png 150w\" sizes=\"auto, (max-width: 173px) 100vw, 173px\" \/><\/a><\/figure>\n\n\n\n<p class=\"has-text-align-center has-vivid-red-color has-text-color has-link-color wp-elements-ea4fcc9eb9c87c98ad4be583710f7f05\"><\/p>\n<\/div>\n\n\n\n<div class=\"wp-block-column is-layout-flow wp-block-column-is-layout-flow\">\n<figure class=\"wp-block-image size-full\"><a href=\"https:\/\/cip.usac.edu.gt\/wp-content\/uploads\/2024\/08\/abril-2024.pdf\"><img loading=\"lazy\" decoding=\"async\" width=\"173\" height=\"174\" src=\"https:\/\/cip.usac.edu.gt\/wp-content\/uploads\/2024\/05\/abril-2024.png\" alt=\"\" class=\"wp-image-5738\" srcset=\"https:\/\/cip.usac.edu.gt\/wp-content\/uploads\/2024\/05\/abril-2024.png 173w, https:\/\/cip.usac.edu.gt\/wp-content\/uploads\/2024\/05\/abril-2024-150x150.png 150w\" sizes=\"auto, (max-width: 173px) 100vw, 173px\" \/><\/a><\/figure>\n\n\n\n<p class=\"has-text-align-center has-vivid-red-color has-text-color has-link-color wp-elements-ea4fcc9eb9c87c98ad4be583710f7f05\"><\/p>\n<\/div>\n\n\n\n<div class=\"wp-block-column is-layout-flow wp-block-column-is-layout-flow\">\n<figure class=\"wp-block-image size-full\"><a href=\"https:\/\/cip.usac.edu.gt\/wp-content\/uploads\/2024\/08\/Convenios-mayo-2024.pdf\"><img loading=\"lazy\" decoding=\"async\" width=\"173\" height=\"174\" src=\"https:\/\/cip.usac.edu.gt\/wp-content\/uploads\/2024\/06\/Mayo-2024.png\" alt=\"\" class=\"wp-image-5787\" srcset=\"https:\/\/cip.usac.edu.gt\/wp-content\/uploads\/2024\/06\/Mayo-2024.png 173w, https:\/\/cip.usac.edu.gt\/wp-content\/uploads\/2024\/06\/Mayo-2024-150x150.png 150w\" sizes=\"auto, (max-width: 173px) 100vw, 173px\" \/><\/a><\/figure>\n<\/div>\n\n\n\n<div class=\"wp-block-column is-layout-flow wp-block-column-is-layout-flow\">\n<figure class=\"wp-block-image size-full\"><a href=\"https:\/\/cip.usac.edu.gt\/wp-content\/uploads\/2024\/08\/Convenios-Junio-2024.pdf\"><img loading=\"lazy\" decoding=\"async\" width=\"173\" height=\"174\" src=\"https:\/\/cip.usac.edu.gt\/wp-content\/uploads\/2024\/07\/junio-2024.png\" alt=\"\" class=\"wp-image-5850\" srcset=\"https:\/\/cip.usac.edu.gt\/wp-content\/uploads\/2024\/07\/junio-2024.png 173w, https:\/\/cip.usac.edu.gt\/wp-content\/uploads\/2024\/07\/junio-2024-150x150.png 150w\" sizes=\"auto, (max-width: 173px) 100vw, 173px\" \/><\/a><\/figure>\n<\/div>\n<\/div>\n\n\n\n<div class=\"wp-block-columns is-layout-flex wp-container-core-columns-is-layout-9d6595d7 wp-block-columns-is-layout-flex\">\n<div class=\"wp-block-column is-layout-flow wp-block-column-is-layout-flow\">\n<figure class=\"wp-block-image size-full\"><a href=\"https:\/\/cip.usac.edu.gt\/wp-content\/uploads\/2024\/10\/Coonvenios-Julio-2024.pdf\"><img loading=\"lazy\" decoding=\"async\" width=\"173\" height=\"174\" src=\"https:\/\/cip.usac.edu.gt\/wp-content\/uploads\/2024\/09\/Julio-2024.png\" alt=\"\" class=\"wp-image-5917\" srcset=\"https:\/\/cip.usac.edu.gt\/wp-content\/uploads\/2024\/09\/Julio-2024.png 173w, https:\/\/cip.usac.edu.gt\/wp-content\/uploads\/2024\/09\/Julio-2024-150x150.png 150w\" sizes=\"auto, (max-width: 173px) 100vw, 173px\" \/><\/a><\/figure>\n<\/div>\n\n\n\n<div class=\"wp-block-column is-layout-flow wp-block-column-is-layout-flow\">\n<figure class=\"wp-block-image size-full\"><a href=\"https:\/\/cip.usac.edu.gt\/wp-content\/uploads\/2024\/10\/Agosto-2024.pdf\"><img loading=\"lazy\" decoding=\"async\" width=\"173\" height=\"174\" src=\"https:\/\/cip.usac.edu.gt\/wp-content\/uploads\/2024\/09\/agosto-2024.png\" alt=\"\" class=\"wp-image-5938\" srcset=\"https:\/\/cip.usac.edu.gt\/wp-content\/uploads\/2024\/09\/agosto-2024.png 173w, https:\/\/cip.usac.edu.gt\/wp-content\/uploads\/2024\/09\/agosto-2024-150x150.png 150w\" sizes=\"auto, (max-width: 173px) 100vw, 173px\" \/><\/a><\/figure>\n<\/div>\n\n\n\n<div class=\"wp-block-column is-layout-flow wp-block-column-is-layout-flow\">\n<figure class=\"wp-block-image size-full\"><a href=\"https:\/\/cip.usac.edu.gt\/wp-content\/uploads\/2024\/10\/Septimenbre-2024.pdf\"><img loading=\"lazy\" decoding=\"async\" width=\"173\" height=\"174\" src=\"https:\/\/cip.usac.edu.gt\/wp-content\/uploads\/2024\/10\/Septi-2024.png\" alt=\"\" class=\"wp-image-6006\" srcset=\"https:\/\/cip.usac.edu.gt\/wp-content\/uploads\/2024\/10\/Septi-2024.png 173w, https:\/\/cip.usac.edu.gt\/wp-content\/uploads\/2024\/10\/Septi-2024-150x150.png 150w\" sizes=\"auto, (max-width: 173px) 100vw, 173px\" \/><\/a><\/figure>\n<\/div>\n\n\n\n<div class=\"wp-block-column is-layout-flow wp-block-column-is-layout-flow\">\n<figure class=\"wp-block-image size-full\"><a href=\"https:\/\/cip.usac.edu.gt\/wp-content\/uploads\/2024\/11\/Octubre-2024-Convenios.pdf\"><img loading=\"lazy\" decoding=\"async\" width=\"173\" height=\"174\" src=\"https:\/\/cip.usac.edu.gt\/wp-content\/uploads\/2024\/11\/Octubre-2024.png\" alt=\"\" class=\"wp-image-6046\" srcset=\"https:\/\/cip.usac.edu.gt\/wp-content\/uploads\/2024\/11\/Octubre-2024.png 173w, https:\/\/cip.usac.edu.gt\/wp-content\/uploads\/2024\/11\/Octubre-2024-150x150.png 150w\" sizes=\"auto, (max-width: 173px) 100vw, 173px\" \/><\/a><\/figure>\n<\/div>\n\n\n\n<div class=\"wp-block-column is-layout-flow wp-block-column-is-layout-flow\">\n<figure class=\"wp-block-image size-full\"><a href=\"https:\/\/cip.usac.edu.gt\/wp-content\/uploads\/2025\/03\/Nov-Dicimebre-Referencia-DAJ-No-031-2025.pdf\"><img loading=\"lazy\" decoding=\"async\" width=\"173\" height=\"174\" src=\"https:\/\/cip.usac.edu.gt\/wp-content\/uploads\/2025\/01\/Novimebre-2024.png\" alt=\"\" class=\"wp-image-6110\" srcset=\"https:\/\/cip.usac.edu.gt\/wp-content\/uploads\/2025\/01\/Novimebre-2024.png 173w, https:\/\/cip.usac.edu.gt\/wp-content\/uploads\/2025\/01\/Novimebre-2024-150x150.png 150w\" sizes=\"auto, (max-width: 173px) 100vw, 173px\" \/><\/a><\/figure>\n\n\n\n<p class=\"has-vivid-red-color has-text-color has-link-color has-small-font-size wp-elements-daff4345b1d9d04022af3025e0c45c87\">No se suscribieron convenios durante este mes<\/p>\n<\/div>\n\n\n\n<div class=\"wp-block-column is-layout-flow wp-block-column-is-layout-flow\">\n<figure class=\"wp-block-image size-full\"><img loading=\"lazy\" decoding=\"async\" width=\"173\" height=\"174\" src=\"https:\/\/cip.usac.edu.gt\/wp-content\/uploads\/2025\/01\/Diciembre-2024.png\" alt=\"\" class=\"wp-image-6109\" srcset=\"https:\/\/cip.usac.edu.gt\/wp-content\/uploads\/2025\/01\/Diciembre-2024.png 173w, https:\/\/cip.usac.edu.gt\/wp-content\/uploads\/2025\/01\/Diciembre-2024-150x150.png 150w\" sizes=\"auto, (max-width: 173px) 100vw, 173px\" \/><\/figure>\n\n\n\n<p class=\"has-vivid-red-color has-text-color has-link-color has-small-font-size wp-elements-daff4345b1d9d04022af3025e0c45c87\">No se suscribieron convenios durante este mes<\/p>\n<\/div>\n<\/div>\n<\/div><\/div>\n\n\n\n<p class=\"has-medium-font-size\"><strong>Listado de Convenios <\/strong><\/p>\n\n\n\n<div class=\"wp-block-columns is-layout-flex wp-container-core-columns-is-layout-9d6595d7 wp-block-columns-is-layout-flex\">\n<div class=\"wp-block-column is-layout-flow wp-block-column-is-layout-flow\"><\/div>\n\n\n\n<div class=\"wp-block-column is-layout-flow wp-block-column-is-layout-flow\"><\/div>\n\n\n\n<div class=\"wp-block-column is-layout-flow wp-block-column-is-layout-flow\"><\/div>\n<\/div>\n\n\n\n<p class=\"has-large-font-size\"><strong>A\u00f1o 2023<\/strong><\/p>\n\n\n\n<p class=\"has-medium-font-size\"><strong>Listado de Convenios <\/strong><\/p>\n\n\n\n<div class=\"wp-block-buttons is-layout-flex wp-block-buttons-is-layout-flex\">\n<div class=\"wp-block-button\"><a class=\"wp-block-button__link has-background wp-element-button\" href=\"https:\/\/cip.usac.edu.gt\/wp-content\/uploads\/2023\/02\/Anexo-CIP-11-2023-solicitud-de-Convenios-suscritos-2022-y-enero-2023-1.pdf\" style=\"background-color:#2c7cf2\">listado de convenios Suscritos <\/a><\/div>\n<\/div>\n<\/div><\/div>\n","protected":false},"excerpt":{"rendered":"<p>Todo tipo de convenios suscritos con Organizaciones No Gubernamentales, Asociaciones legalmente constituidas, Organismos Regionales o Internacionales, as\u00ed como informes correspondientes de avances f\u00edsicos y financieros que se deriven de tales convenios.&nbsp; Listado de convenios A\u00f1o 2025 No se suscribieron convenios durante el mes No se suscribieron convenios durante el mes No se suscribieron convenios durante [&hellip;]<\/p>\n","protected":false},"author":2,"featured_media":0,"parent":0,"menu_order":0,"comment_status":"closed","ping_status":"closed","template":"","meta":{"footnotes":""},"class_list":["post-814","page","type-page","status-publish","czr-hentry"],"_links":{"self":[{"href":"https:\/\/cip.usac.edu.gt\/index.php\/wp-json\/wp\/v2\/pages\/814","targetHints":{"allow":["GET"]}}],"collection":[{"href":"https:\/\/cip.usac.edu.gt\/index.php\/wp-json\/wp\/v2\/pages"}],"about":[{"href":"https:\/\/cip.usac.edu.gt\/index.php\/wp-json\/wp\/v2\/types\/page"}],"author":[{"embeddable":true,"href":"https:\/\/cip.usac.edu.gt\/index.php\/wp-json\/wp\/v2\/users\/2"}],"replies":[{"embeddable":true,"href":"https:\/\/cip.usac.edu.gt\/index.php\/wp-json\/wp\/v2\/comments?post=814"}],"version-history":[{"count":42,"href":"https:\/\/cip.usac.edu.gt\/index.php\/wp-json\/wp\/v2\/pages\/814\/revisions"}],"predecessor-version":[{"id":6891,"href":"https:\/\/cip.usac.edu.gt\/index.php\/wp-json\/wp\/v2\/pages\/814\/revisions\/6891"}],"wp:attachment":[{"href":"https:\/\/cip.usac.edu.gt\/index.php\/wp-json\/wp\/v2\/media?parent=814"}],"curies":[{"name":"wp","href":"https:\/\/api.w.org\/{rel}","templated":true}]}}