{"id":766,"date":"2020-02-13T21:21:08","date_gmt":"2020-02-13T21:21:08","guid":{"rendered":"http:\/\/c3.usac.edu.gt\/cip.usac.edu.gt\/public_html\/?page_id=766"},"modified":"2021-06-23T09:36:02","modified_gmt":"2021-06-23T09:36:02","slug":"25-en-caso-de-las-entidades-no-gubernamentales-o-de-caracter-privado","status":"publish","type":"page","link":"https:\/\/cip.usac.edu.gt\/index.php\/25-en-caso-de-las-entidades-no-gubernamentales-o-de-caracter-privado\/","title":{"rendered":"25. En caso de las entidades no gubernamentales o de car\u00e1cter privado"},"content":{"rendered":"\n<p><br>En caso de las entidades no gubernamentales o de car\u00e1cter privado que manejen o administren fondos p\u00fablicos deben hacer p\u00fablica la informaci\u00f3n obligatoria contenida en los numerales anteriores, relacionada \u00fanicamente a las compras y contrataciones que realicen con dichos fondos.<\/p>\n\n\n\n<p class=\"has-white-color has-text-color has-background has-medium-font-size\" style=\"background-color:#2c7cf2\"> <strong>No aplica. La Universidad de San Carlos de Guatemala es una entidad de car\u00e1cter aut\u00f3nomo y nacional, el fundamento de ello se encuentra en los siguientes art\u00edculos:<\/strong> <\/p>\n\n\n\n<h3 class=\"wp-block-heading\"> <strong>Constituci\u00f3n Pol\u00edtica de la Rep\u00fablica de Guatemala.<\/strong><\/h3>\n\n\n\n<ul class=\"wp-block-list\"><li>\u00ab<strong>Art\u00edculo 82.<\/strong> Autonom\u00eda de la Universidad de San Carlos de Guatemala. La Universidad de San Carlos de Guatemala, es una instituci\u00f3n aut\u00f3noma con personalidad jur\u00eddica. En su car\u00e1cter de \u00fanica universidad estatal le corresponde con exclusividad, dirigir, organizar y desarrollar la educaci\u00f3n s uperor del Estado y la educaci\u00f3n profesional universitaria estatal, as\u00ed como la difusi\u00f3n de la cultura en todas sus manifestaciones. Promover\u00e1 por todos los medios a su alcance la investigaci\u00f3n en todas las esferas del saber humano y cooperar\u00e1 al estudio y soluci\u00f3n de los problemas nacionales.\u00bb Constituci\u00f3n Pol\u00edtica de la Rep\u00fablica de Guatemala. <\/li><\/ul>\n\n\n\n<h3 class=\"wp-block-heading\"> <strong>Ley Org\u00e1nica de la Universidad de San Carlos de Guatemala\u00bb Decreto N\u00famero 325.<\/strong><\/h3>\n\n\n\n<ul class=\"wp-block-list\"><li>\u00ab<strong>Art\u00edculo 1o.<\/strong> La Universidad de San Carlos de Guatemala es una instituci\u00f3n aut\u00f3noma, con personalidad jur\u00eddica, regida por esta Ley y sus estatutos, cuya sede central ordinaria es la ciudad de Guatemala\u00bb. <\/li><\/ul>\n\n\n\n<p class=\"has-text-align-center has-text-color has-medium-font-size\" style=\"color:#2c7cf2\"> <strong>NO APLICA PARA LA UNIVERSIDAD DE SAN CARLOS DE GUATEMALA<\/strong> <\/p>\n","protected":false},"excerpt":{"rendered":"<p>En caso de las entidades no gubernamentales o de car\u00e1cter privado que manejen o administren fondos p\u00fablicos deben hacer p\u00fablica la informaci\u00f3n obligatoria contenida en los numerales anteriores, relacionada \u00fanicamente a las compras y contrataciones que realicen con dichos fondos. No aplica. La Universidad de San Carlos de Guatemala es una entidad de car\u00e1cter aut\u00f3nomo [&hellip;]<\/p>\n","protected":false},"author":2,"featured_media":0,"parent":0,"menu_order":0,"comment_status":"closed","ping_status":"closed","template":"","meta":{"footnotes":""},"class_list":["post-766","page","type-page","status-publish","czr-hentry"],"_links":{"self":[{"href":"https:\/\/cip.usac.edu.gt\/index.php\/wp-json\/wp\/v2\/pages\/766","targetHints":{"allow":["GET"]}}],"collection":[{"href":"https:\/\/cip.usac.edu.gt\/index.php\/wp-json\/wp\/v2\/pages"}],"about":[{"href":"https:\/\/cip.usac.edu.gt\/index.php\/wp-json\/wp\/v2\/types\/page"}],"author":[{"embeddable":true,"href":"https:\/\/cip.usac.edu.gt\/index.php\/wp-json\/wp\/v2\/users\/2"}],"replies":[{"embeddable":true,"href":"https:\/\/cip.usac.edu.gt\/index.php\/wp-json\/wp\/v2\/comments?post=766"}],"version-history":[{"count":2,"href":"https:\/\/cip.usac.edu.gt\/index.php\/wp-json\/wp\/v2\/pages\/766\/revisions"}],"predecessor-version":[{"id":2766,"href":"https:\/\/cip.usac.edu.gt\/index.php\/wp-json\/wp\/v2\/pages\/766\/revisions\/2766"}],"wp:attachment":[{"href":"https:\/\/cip.usac.edu.gt\/index.php\/wp-json\/wp\/v2\/media?parent=766"}],"curies":[{"name":"wp","href":"https:\/\/api.w.org\/{rel}","templated":true}]}}