{"id":6329,"date":"2025-03-04T17:27:59","date_gmt":"2025-03-04T17:27:59","guid":{"rendered":"https:\/\/cip.usac.edu.gt\/?page_id=6329"},"modified":"2026-02-19T16:20:51","modified_gmt":"2026-02-19T16:20:51","slug":"subsidios-2025-2","status":"publish","type":"page","link":"https:\/\/cip.usac.edu.gt\/index.php\/subsidios-2025-2\/","title":{"rendered":"Subsidios 2025"},"content":{"rendered":"\n<div class=\"wp-block-group\"><div class=\"wp-block-group__inner-container is-layout-flow wp-block-group-is-layout-flow\">\n<h2 class=\"wp-block-heading has-text-align-center\" id=\"ano-2021\"><strong>A\u00f1o 202<\/strong>4<\/h2>\n\n\n\n<div class=\"wp-block-group\"><div class=\"wp-block-group__inner-container is-layout-flow wp-block-group-is-layout-flow\">\n<p class=\"has-white-color has-text-color has-background has-medium-font-size\" style=\"background-color:#1e3475\"><strong>Transferencias y subsidios   <\/strong><\/p>\n\n\n\n<div class=\"wp-block-columns is-layout-flex wp-container-core-columns-is-layout-9d6595d7 wp-block-columns-is-layout-flex\">\n<div class=\"wp-block-column is-layout-flow wp-block-column-is-layout-flow\">\n<figure class=\"wp-block-image size-full\"><img loading=\"lazy\" decoding=\"async\" width=\"173\" height=\"174\" src=\"https:\/\/cip.usac.edu.gt\/wp-content\/uploads\/2025\/02\/Enero-2025.png\" alt=\"\" class=\"wp-image-6220\" srcset=\"https:\/\/cip.usac.edu.gt\/wp-content\/uploads\/2025\/02\/Enero-2025.png 173w, https:\/\/cip.usac.edu.gt\/wp-content\/uploads\/2025\/02\/Enero-2025-150x150.png 150w\" sizes=\"auto, (max-width: 173px) 100vw, 173px\" \/><\/figure>\n\n\n\n<p class=\"has-vivid-red-color has-text-color has-link-color wp-elements-1b1905910ba9b17d9e8062ef63958b98\">No autoriz\u00f3 ni ejecut\u00f3 subsidio a persona o entidad alguna<\/p>\n<\/div>\n\n\n\n<div class=\"wp-block-column is-layout-flow wp-block-column-is-layout-flow\">\n<figure class=\"wp-block-image size-full\"><img loading=\"lazy\" decoding=\"async\" width=\"173\" height=\"174\" src=\"https:\/\/cip.usac.edu.gt\/wp-content\/uploads\/2025\/03\/Feb-205.png\" alt=\"\" class=\"wp-image-6335\" srcset=\"https:\/\/cip.usac.edu.gt\/wp-content\/uploads\/2025\/03\/Feb-205.png 173w, https:\/\/cip.usac.edu.gt\/wp-content\/uploads\/2025\/03\/Feb-205-150x150.png 150w\" sizes=\"auto, (max-width: 173px) 100vw, 173px\" \/><\/figure>\n\n\n\n<p class=\"has-vivid-red-color has-text-color has-link-color wp-elements-1b1905910ba9b17d9e8062ef63958b98\">No autoriz\u00f3 ni ejecut\u00f3 subsidio a persona o entidad alguna<\/p>\n<\/div>\n\n\n\n<div class=\"wp-block-column is-layout-flow wp-block-column-is-layout-flow\">\n<figure class=\"wp-block-image size-full\"><img loading=\"lazy\" decoding=\"async\" width=\"173\" height=\"174\" src=\"https:\/\/cip.usac.edu.gt\/wp-content\/uploads\/2025\/04\/marzo-2025.png\" alt=\"\" class=\"wp-image-6413\" srcset=\"https:\/\/cip.usac.edu.gt\/wp-content\/uploads\/2025\/04\/marzo-2025.png 173w, https:\/\/cip.usac.edu.gt\/wp-content\/uploads\/2025\/04\/marzo-2025-150x150.png 150w\" sizes=\"auto, (max-width: 173px) 100vw, 173px\" \/><\/figure>\n\n\n\n<p class=\"has-vivid-red-color has-text-color has-link-color wp-elements-1b1905910ba9b17d9e8062ef63958b98\">No autoriz\u00f3 ni ejecut\u00f3 subsidio a persona o entidad alguna<\/p>\n<\/div>\n\n\n\n<div class=\"wp-block-column is-layout-flow wp-block-column-is-layout-flow\">\n<figure class=\"wp-block-image size-full\"><img loading=\"lazy\" decoding=\"async\" width=\"173\" height=\"174\" src=\"https:\/\/cip.usac.edu.gt\/wp-content\/uploads\/2025\/05\/abril-2025.png\" alt=\"\" class=\"wp-image-6440\" srcset=\"https:\/\/cip.usac.edu.gt\/wp-content\/uploads\/2025\/05\/abril-2025.png 173w, https:\/\/cip.usac.edu.gt\/wp-content\/uploads\/2025\/05\/abril-2025-150x150.png 150w\" sizes=\"auto, (max-width: 173px) 100vw, 173px\" \/><\/figure>\n\n\n\n<p class=\"has-vivid-red-color has-text-color has-link-color wp-elements-1b1905910ba9b17d9e8062ef63958b98\">No autoriz\u00f3 ni ejecut\u00f3 subsidio a persona o entidad alguna<\/p>\n<\/div>\n\n\n\n<div class=\"wp-block-column is-layout-flow wp-block-column-is-layout-flow\">\n<figure class=\"wp-block-image size-full\"><img loading=\"lazy\" decoding=\"async\" width=\"173\" height=\"174\" src=\"https:\/\/cip.usac.edu.gt\/wp-content\/uploads\/2025\/05\/mayo-2025.png\" alt=\"\" class=\"wp-image-6438\" srcset=\"https:\/\/cip.usac.edu.gt\/wp-content\/uploads\/2025\/05\/mayo-2025.png 173w, https:\/\/cip.usac.edu.gt\/wp-content\/uploads\/2025\/05\/mayo-2025-150x150.png 150w\" sizes=\"auto, (max-width: 173px) 100vw, 173px\" \/><\/figure>\n\n\n\n<p class=\"has-vivid-red-color has-text-color has-link-color wp-elements-1b1905910ba9b17d9e8062ef63958b98\">No autoriz\u00f3 ni ejecut\u00f3 subsidio a persona o entidad alguna<\/p>\n<\/div>\n\n\n\n<div class=\"wp-block-column is-layout-flow wp-block-column-is-layout-flow\">\n<figure class=\"wp-block-image size-full\"><img loading=\"lazy\" decoding=\"async\" width=\"173\" height=\"174\" src=\"https:\/\/cip.usac.edu.gt\/wp-content\/uploads\/2025\/08\/Junio-2025.png\" alt=\"\" class=\"wp-image-6578\" srcset=\"https:\/\/cip.usac.edu.gt\/wp-content\/uploads\/2025\/08\/Junio-2025.png 173w, https:\/\/cip.usac.edu.gt\/wp-content\/uploads\/2025\/08\/Junio-2025-150x150.png 150w\" sizes=\"auto, (max-width: 173px) 100vw, 173px\" \/><\/figure>\n\n\n\n<p class=\"has-vivid-red-color has-text-color has-link-color wp-elements-1b1905910ba9b17d9e8062ef63958b98\">No autoriz\u00f3 ni ejecut\u00f3 subsidio a persona o entidad alguna<\/p>\n\n\n\n<p class=\"has-vivid-red-color has-white-background-color has-text-color has-background has-link-color wp-elements-76e387a32397a5766eb60ab295a36bd1\"><\/p>\n<\/div>\n<\/div>\n\n\n\n<div class=\"wp-block-columns is-layout-flex wp-container-core-columns-is-layout-9d6595d7 wp-block-columns-is-layout-flex\">\n<div class=\"wp-block-column is-layout-flow wp-block-column-is-layout-flow\">\n<figure class=\"wp-block-image size-full\"><img loading=\"lazy\" decoding=\"async\" width=\"173\" height=\"174\" src=\"https:\/\/cip.usac.edu.gt\/wp-content\/uploads\/2025\/08\/Julio-2025.png\" alt=\"\" class=\"wp-image-6579\" srcset=\"https:\/\/cip.usac.edu.gt\/wp-content\/uploads\/2025\/08\/Julio-2025.png 173w, https:\/\/cip.usac.edu.gt\/wp-content\/uploads\/2025\/08\/Julio-2025-150x150.png 150w\" sizes=\"auto, (max-width: 173px) 100vw, 173px\" \/><\/figure>\n\n\n\n<p class=\"has-vivid-red-color has-text-color has-link-color wp-elements-1b1905910ba9b17d9e8062ef63958b98\">No autoriz\u00f3 ni ejecut\u00f3 subsidio a persona o entidad alguna<\/p>\n<\/div>\n\n\n\n<div class=\"wp-block-column is-layout-flow wp-block-column-is-layout-flow\">\n<figure class=\"wp-block-image size-full\"><img loading=\"lazy\" decoding=\"async\" width=\"173\" height=\"174\" src=\"https:\/\/cip.usac.edu.gt\/wp-content\/uploads\/2025\/09\/Agosto-2025.png\" alt=\"\" class=\"wp-image-6636\" srcset=\"https:\/\/cip.usac.edu.gt\/wp-content\/uploads\/2025\/09\/Agosto-2025.png 173w, https:\/\/cip.usac.edu.gt\/wp-content\/uploads\/2025\/09\/Agosto-2025-150x150.png 150w\" sizes=\"auto, (max-width: 173px) 100vw, 173px\" \/><\/figure>\n\n\n\n<p class=\"has-vivid-red-color has-text-color has-link-color wp-elements-1b1905910ba9b17d9e8062ef63958b98\">No autoriz\u00f3 ni ejecut\u00f3 subsidio a persona o entidad alguna<\/p>\n<\/div>\n\n\n\n<div class=\"wp-block-column is-layout-flow wp-block-column-is-layout-flow\">\n<figure class=\"wp-block-image size-full\"><img loading=\"lazy\" decoding=\"async\" width=\"173\" height=\"174\" src=\"https:\/\/cip.usac.edu.gt\/wp-content\/uploads\/2025\/10\/septimebre-2025.png\" alt=\"\" class=\"wp-image-6699\" srcset=\"https:\/\/cip.usac.edu.gt\/wp-content\/uploads\/2025\/10\/septimebre-2025.png 173w, https:\/\/cip.usac.edu.gt\/wp-content\/uploads\/2025\/10\/septimebre-2025-150x150.png 150w\" sizes=\"auto, (max-width: 173px) 100vw, 173px\" \/><\/figure>\n\n\n\n<p class=\"has-vivid-red-color has-text-color has-link-color wp-elements-1b1905910ba9b17d9e8062ef63958b98\">No autoriz\u00f3 ni ejecut\u00f3 subsidio a persona o entidad alguna<\/p>\n<\/div>\n\n\n\n<div class=\"wp-block-column is-layout-flow wp-block-column-is-layout-flow\">\n<figure class=\"wp-block-image size-full\"><img loading=\"lazy\" decoding=\"async\" width=\"173\" height=\"174\" src=\"https:\/\/cip.usac.edu.gt\/wp-content\/uploads\/2025\/11\/octubre-2025.png\" alt=\"\" class=\"wp-image-6783\" srcset=\"https:\/\/cip.usac.edu.gt\/wp-content\/uploads\/2025\/11\/octubre-2025.png 173w, https:\/\/cip.usac.edu.gt\/wp-content\/uploads\/2025\/11\/octubre-2025-150x150.png 150w\" sizes=\"auto, (max-width: 173px) 100vw, 173px\" \/><\/figure>\n\n\n\n<p class=\"has-vivid-red-color has-text-color has-link-color wp-elements-1b1905910ba9b17d9e8062ef63958b98\">No autoriz\u00f3 ni ejecut\u00f3 subsidio a persona o entidad alguna<\/p>\n<\/div>\n\n\n\n<div class=\"wp-block-column is-layout-flow wp-block-column-is-layout-flow\">\n<figure class=\"wp-block-image size-full is-resized\"><img loading=\"lazy\" decoding=\"async\" width=\"173\" height=\"174\" src=\"https:\/\/cip.usac.edu.gt\/wp-content\/uploads\/2026\/01\/Nov-2025.png\" alt=\"\" class=\"wp-image-6829\" style=\"width:127px;height:auto\" srcset=\"https:\/\/cip.usac.edu.gt\/wp-content\/uploads\/2026\/01\/Nov-2025.png 173w, https:\/\/cip.usac.edu.gt\/wp-content\/uploads\/2026\/01\/Nov-2025-150x150.png 150w\" sizes=\"auto, (max-width: 173px) 100vw, 173px\" \/><\/figure>\n\n\n\n<p class=\"has-vivid-red-color has-text-color has-link-color wp-elements-1b1905910ba9b17d9e8062ef63958b98\">No autoriz\u00f3 ni ejecut\u00f3 subsidio a persona o entidad alguna<\/p>\n<\/div>\n\n\n\n<div class=\"wp-block-column is-layout-flow wp-block-column-is-layout-flow\">\n<figure class=\"wp-block-image size-full\"><img loading=\"lazy\" decoding=\"async\" width=\"173\" height=\"174\" src=\"https:\/\/cip.usac.edu.gt\/wp-content\/uploads\/2026\/01\/Diciembre-2025.png\" alt=\"\" class=\"wp-image-6830\" srcset=\"https:\/\/cip.usac.edu.gt\/wp-content\/uploads\/2026\/01\/Diciembre-2025.png 173w, https:\/\/cip.usac.edu.gt\/wp-content\/uploads\/2026\/01\/Diciembre-2025-150x150.png 150w\" sizes=\"auto, (max-width: 173px) 100vw, 173px\" \/><\/figure>\n\n\n\n<p class=\"has-vivid-red-color has-text-color has-link-color wp-elements-1b1905910ba9b17d9e8062ef63958b98\">No autoriz\u00f3 ni ejecut\u00f3 subsidio a persona o entidad alguna<\/p>\n<\/div>\n<\/div>\n<\/div><\/div>\n<\/div><\/div>\n","protected":false},"excerpt":{"rendered":"<p>A\u00f1o 2024 Transferencias y subsidios No autoriz\u00f3 ni ejecut\u00f3 subsidio a persona o entidad alguna No autoriz\u00f3 ni ejecut\u00f3 subsidio a persona o entidad alguna No autoriz\u00f3 ni ejecut\u00f3 subsidio a persona o entidad alguna No autoriz\u00f3 ni ejecut\u00f3 subsidio a persona o entidad alguna No autoriz\u00f3 ni ejecut\u00f3 subsidio a persona o entidad alguna [&hellip;]<\/p>\n","protected":false},"author":2,"featured_media":0,"parent":0,"menu_order":0,"comment_status":"closed","ping_status":"closed","template":"","meta":{"footnotes":""},"class_list":["post-6329","page","type-page","status-publish","czr-hentry"],"_links":{"self":[{"href":"https:\/\/cip.usac.edu.gt\/index.php\/wp-json\/wp\/v2\/pages\/6329","targetHints":{"allow":["GET"]}}],"collection":[{"href":"https:\/\/cip.usac.edu.gt\/index.php\/wp-json\/wp\/v2\/pages"}],"about":[{"href":"https:\/\/cip.usac.edu.gt\/index.php\/wp-json\/wp\/v2\/types\/page"}],"author":[{"embeddable":true,"href":"https:\/\/cip.usac.edu.gt\/index.php\/wp-json\/wp\/v2\/users\/2"}],"replies":[{"embeddable":true,"href":"https:\/\/cip.usac.edu.gt\/index.php\/wp-json\/wp\/v2\/comments?post=6329"}],"version-history":[{"count":7,"href":"https:\/\/cip.usac.edu.gt\/index.php\/wp-json\/wp\/v2\/pages\/6329\/revisions"}],"predecessor-version":[{"id":6969,"href":"https:\/\/cip.usac.edu.gt\/index.php\/wp-json\/wp\/v2\/pages\/6329\/revisions\/6969"}],"wp:attachment":[{"href":"https:\/\/cip.usac.edu.gt\/index.php\/wp-json\/wp\/v2\/media?parent=6329"}],"curies":[{"name":"wp","href":"https:\/\/api.w.org\/{rel}","templated":true}]}}