{"id":6247,"date":"2025-02-26T18:47:36","date_gmt":"2025-02-26T18:47:36","guid":{"rendered":"https:\/\/cip.usac.edu.gt\/?page_id=6247"},"modified":"2026-02-16T18:22:50","modified_gmt":"2026-02-16T18:22:50","slug":"poa-2025-2","status":"publish","type":"page","link":"https:\/\/cip.usac.edu.gt\/index.php\/poa-2025-2\/","title":{"rendered":"POA 2025"},"content":{"rendered":"\n<p><strong><em>BASE LEGAL<\/em><\/strong><\/p>\n\n\n\n<ol class=\"wp-block-list\">\n<li>Constituci\u00f3n Pol\u00edtica de la Rep\u00fablica de Guatemala, Art\u00edculos 82, 83, 84, 87, 88 y 89.<\/li>\n\n\n\n<li>Decreto No. 325 Ley Org\u00e1nica de la Universidad de San Carlos de Guatemala.<\/li>\n\n\n\n<li>Estatuto de la Universidad de San Carlos de Guatemala (Nacional y Aut\u00f3noma).<\/li>\n\n\n\n<li>Reglamento del Sistema de Planificaci\u00f3n de la Universidad de San Carlos de Guatemala; normas que regulan la elaboraci\u00f3n y ejecuci\u00f3n del Presupuesto de la USAC y dem\u00e1s reglamentos, normativos e instructivos de la USAC.<\/li>\n<\/ol>\n\n\n\n<div class=\"wp-block-buttons is-layout-flex wp-block-buttons-is-layout-flex\">\n<div class=\"wp-block-button\"><a class=\"wp-block-button__link has-background wp-element-button\" href=\"https:\/\/cip.usac.edu.gt\/wp-content\/uploads\/2025\/02\/PLAN-OPERATIVO-ANUAL-USAC-2025.pdf\" style=\"background-color:#1e3475\" target=\"_blank\" rel=\"noreferrer noopener\">Descargar POA 2025<\/a><\/div>\n<\/div>\n\n\n\n<hr class=\"wp-block-separator has-css-opacity is-style-wide\"\/>\n\n\n\n<h2 class=\"wp-block-heading\" id=\"primer-semestre-2022\">Resultados Primer Cuatrimestre <\/h2>\n\n\n\n<div class=\"wp-block-buttons is-layout-flex wp-block-buttons-is-layout-flex\">\n<div class=\"wp-block-button\"><a class=\"wp-block-button__link has-background wp-element-button\" href=\"https:\/\/cip.usac.edu.gt\/wp-content\/uploads\/2025\/07\/Reporte-Evaluacion-Primer-Cuatrimestre-2025-USAC.pdf\" style=\"background-color:#1e3475\">Resultados Primer cuatrimestre <\/a><\/div>\n<\/div>\n\n\n\n<h2 class=\"wp-block-heading\" id=\"primer-semestre-2022\">Resultados Segundo Cuatrimestre<\/h2>\n\n\n\n<div class=\"wp-block-buttons is-layout-flex wp-block-buttons-is-layout-flex\">\n<div class=\"wp-block-button\"><a class=\"wp-block-button__link has-background wp-element-button\" href=\"https:\/\/cip.usac.edu.gt\/wp-content\/uploads\/2025\/10\/2DO-informe-Cuatrimestral-Evaluacion-POA-2025.pdf\" style=\"background-color:#1e3475\">Resultados Segundo cuatrimestre<\/a><\/div>\n<\/div>\n\n\n\n<h2 class=\"wp-block-heading\" id=\"primer-semestre-2022\">Resultados Tercer Cuatrimestre<\/h2>\n\n\n\n<div class=\"wp-block-buttons is-layout-flex wp-block-buttons-is-layout-flex\">\n<div class=\"wp-block-button\"><a class=\"wp-block-button__link has-background wp-element-button\" href=\"https:\/\/cip.usac.edu.gt\/wp-content\/uploads\/2026\/02\/INFORME-FINAL-EVALUACION-POA-2025.pdf\" style=\"background-color:#1e3475\">Resultados Tercer  cuatrimestre<\/a><\/div>\n<\/div>\n\n\n\n<p><\/p>\n","protected":false},"excerpt":{"rendered":"<p>BASE LEGAL Resultados Primer Cuatrimestre Resultados Segundo Cuatrimestre Resultados Tercer Cuatrimestre<\/p>\n","protected":false},"author":2,"featured_media":0,"parent":0,"menu_order":0,"comment_status":"closed","ping_status":"closed","template":"","meta":{"footnotes":""},"class_list":["post-6247","page","type-page","status-publish","czr-hentry"],"_links":{"self":[{"href":"https:\/\/cip.usac.edu.gt\/index.php\/wp-json\/wp\/v2\/pages\/6247","targetHints":{"allow":["GET"]}}],"collection":[{"href":"https:\/\/cip.usac.edu.gt\/index.php\/wp-json\/wp\/v2\/pages"}],"about":[{"href":"https:\/\/cip.usac.edu.gt\/index.php\/wp-json\/wp\/v2\/types\/page"}],"author":[{"embeddable":true,"href":"https:\/\/cip.usac.edu.gt\/index.php\/wp-json\/wp\/v2\/users\/2"}],"replies":[{"embeddable":true,"href":"https:\/\/cip.usac.edu.gt\/index.php\/wp-json\/wp\/v2\/comments?post=6247"}],"version-history":[{"count":6,"href":"https:\/\/cip.usac.edu.gt\/index.php\/wp-json\/wp\/v2\/pages\/6247\/revisions"}],"predecessor-version":[{"id":6930,"href":"https:\/\/cip.usac.edu.gt\/index.php\/wp-json\/wp\/v2\/pages\/6247\/revisions\/6930"}],"wp:attachment":[{"href":"https:\/\/cip.usac.edu.gt\/index.php\/wp-json\/wp\/v2\/media?parent=6247"}],"curies":[{"name":"wp","href":"https:\/\/api.w.org\/{rel}","templated":true}]}}