{"id":561,"date":"2020-02-11T21:25:14","date_gmt":"2020-02-11T21:25:14","guid":{"rendered":"http:\/\/c3.usac.edu.gt\/cip.usac.edu.gt\/public_html\/?page_id=561"},"modified":"2025-11-27T16:32:45","modified_gmt":"2025-11-27T16:32:45","slug":"26-archivo","status":"publish","type":"page","link":"https:\/\/cip.usac.edu.gt\/index.php\/26-archivo\/","title":{"rendered":"26. Los responsables de los archivos de cada uno de los sujetos obligados deber\u00e1n publicar, por lo menos una vez al a\u00f1o, y a trav\u00e9s del Diario de Centro Am\u00e9rica, un informe sobre: el funcionamiento y finalidad del archivo, sus sistemas de registro y categor\u00edas de informaci\u00f3n, los procedimientos y facilidades de acceso al archivo."},"content":{"rendered":"\n<p><br><\/p>\n\n\n\n<div class=\"wp-block-group\"><div class=\"wp-block-group__inner-container is-layout-flow wp-block-group-is-layout-flow\">\n<h3 class=\"wp-block-heading\" id=\"publicaciones-del-diario-de-centro-america\">Publicaciones del Diario de Centro Am\u00e9rica <\/h3>\n\n\n\n<p>Publicaci\u00f3n realizada por del Diario de Centro Am\u00e9rica, del martes 27 de Novimebre del dos mil veinticinco (2025)<\/p>\n\n\n\n<div class=\"wp-block-buttons is-layout-flex wp-block-buttons-is-layout-flex\">\n<div class=\"wp-block-button\"><a class=\"wp-block-button__link has-background wp-element-button\" href=\"https:\/\/cip.usac.edu.gt\/wp-content\/uploads\/2025\/11\/Publicacion-de-Archivo-2025.pdf\" style=\"background-color:#2c7cf2\">Publicaci\u00f3n del Diario de Centro Am\u00e9rica Edici\u00f3n Impresa 2025<\/a><\/div>\n<\/div>\n\n\n\n<h3 class=\"wp-block-heading\" id=\"publicaciones-del-diario-de-centro-america\">Publicaciones del Diario de Centro Am\u00e9rica <\/h3>\n\n\n\n<p>Publicaci\u00f3n realizada por del Diario de Centro Am\u00e9rica, del martes 14 de Octubre del dos mil veinticuatro (2024)<\/p>\n\n\n\n<div class=\"wp-block-buttons is-layout-flex wp-block-buttons-is-layout-flex\">\n<div class=\"wp-block-button\"><a class=\"wp-block-button__link has-background wp-element-button\" href=\"https:\/\/cip.usac.edu.gt\/wp-content\/uploads\/2024\/10\/pagina-completa-edicto.pdf\" style=\"background-color:#2c7cf2\">Publicaci\u00f3n del Diario de Centro Am\u00e9rica Edici\u00f3n Impresa 2024<\/a><\/div>\n<\/div>\n\n\n\n<h3 class=\"wp-block-heading\" id=\"publicaciones-del-diario-de-centro-america\">Publicaciones del Diario de Centro Am\u00e9rica <\/h3>\n\n\n\n<p>Publicaci\u00f3n realizada por del Diario de Centro Am\u00e9rica, del martes 7 de noviembre del dos mil veintitr\u00e9s (2023) <\/p>\n\n\n\n<div class=\"wp-block-buttons is-layout-flex wp-block-buttons-is-layout-flex\">\n<div class=\"wp-block-button\"><a class=\"wp-block-button__link has-background wp-element-button\" href=\"https:\/\/cip.usac.edu.gt\/wp-content\/uploads\/2024\/01\/Diario-de-Centro-america-2024.pdf\" style=\"background-color:#2c7cf2\">Publicaci\u00f3n del Diario de Centro Am\u00e9rica Edici\u00f3n Impresa  2023<\/a><\/div>\n<\/div>\n\n\n\n<div style=\"height:100px\" aria-hidden=\"true\" class=\"wp-block-spacer\"><\/div>\n\n\n\n<div class=\"wp-block-buttons is-layout-flex wp-block-buttons-is-layout-flex\">\n<div class=\"wp-block-button\"><a class=\"wp-block-button__link has-background wp-element-button\" href=\"https:\/\/cip.usac.edu.gt\/wp-content\/uploads\/2024\/01\/publicadeoficio@usac.edu_.gt287483_firmado.pdf\" style=\"background-color:#2c7cf2\">Edici\u00f3n Digital <\/a><\/div>\n<\/div>\n\n\n\n<h3 class=\"wp-block-heading\" id=\"publicaciones-del-diario-de-centro-america\">Publicaciones del Diario de Centro Am\u00e9rica <\/h3>\n\n\n\n<p>Publicaci\u00f3n realizada por del Diario de Centro Am\u00e9rica, del viernes veinticuatro (24) de junio de dos mil veintid\u00f3s (2022).<\/p>\n\n\n\n<div class=\"wp-block-buttons is-layout-flex wp-block-buttons-is-layout-flex\">\n<div class=\"wp-block-button\"><a class=\"wp-block-button__link has-background wp-element-button\" href=\"https:\/\/cip.usac.edu.gt\/wp-content\/uploads\/2022\/07\/IMG_20220704_102943-1.pdf\" style=\"background-color:#2c7cf2\">Publicaci\u00f3n del Diario de Centro Am\u00e9rica Edici\u00f3n Impresa  2022<\/a><\/div>\n<\/div>\n\n\n\n<p>Publicaci\u00f3n realizada por del Diario de Centro Am\u00e9rica, del viernes veinticuatro (24) de junio de dos mil veintid\u00f3s (2022).<\/p>\n\n\n\n<div class=\"wp-block-buttons is-layout-flex wp-block-buttons-is-layout-flex\">\n<div class=\"wp-block-button\"><a class=\"wp-block-button__link has-background wp-element-button\" href=\"https:\/\/cip.usac.edu.gt\/wp-content\/uploads\/2022\/07\/IMG_20220704_102943-1.pdf\" style=\"background-color:#2c7cf2\">Publicaci\u00f3n del Diario de Centro Am\u00e9rica Edici\u00f3n Impresa  2022<\/a><\/div>\n<\/div>\n<\/div><\/div>\n\n\n\n<div style=\"height:100px\" aria-hidden=\"true\" class=\"wp-block-spacer\"><\/div>\n\n\n\n<div class=\"wp-block-group\"><div class=\"wp-block-group__inner-container is-layout-flow wp-block-group-is-layout-flow\">\n<div class=\"wp-block-buttons is-layout-flex wp-block-buttons-is-layout-flex\">\n<div class=\"wp-block-button\"><a class=\"wp-block-button__link has-background wp-element-button\" href=\"https:\/\/cip.usac.edu.gt\/wp-content\/uploads\/2022\/07\/cipusac2022@gmail.com249573_firmado.pdf\" style=\"background-color:#2c7cf2\">Publicaci\u00f3n del Diario de Centro Am\u00e9rica Edici\u00f3n Digital  2022<\/a><\/div>\n<\/div>\n\n\n\n<h3 class=\"wp-block-heading\" id=\"publicaciones-del-diario-de-centro-america\">Publicaciones del Diario de Centro Am\u00e9rica <\/h3>\n\n\n\n<p>Publicaci\u00f3n realizada por del Diario de Centro Am\u00e9rica, del viernes dieciocho (18) de junio de dos mil veintiuno (2021).<\/p>\n\n\n\n<div class=\"wp-block-buttons is-layout-flex wp-block-buttons-is-layout-flex\">\n<div class=\"wp-block-button\"><a class=\"wp-block-button__link has-background wp-element-button\" href=\"https:\/\/cip.usac.edu.gt\/wp-content\/uploads\/2021\/06\/cip@usac.edu_.gt218480_firmado.pdf\" style=\"background-color:#2c7cf2\" target=\"_blank\" rel=\"noreferrer noopener\">Publicaci\u00f3n del Diario de Centro Am\u00e9rica Edici\u00f3n Digital  2021<\/a><\/div>\n<\/div>\n<\/div><\/div>\n\n\n\n<div style=\"height:100px\" aria-hidden=\"true\" class=\"wp-block-spacer\"><\/div>\n\n\n\n<div class=\"wp-block-buttons is-layout-flex wp-block-buttons-is-layout-flex\">\n<div class=\"wp-block-button\"><a class=\"wp-block-button__link has-background wp-element-button\" href=\"https:\/\/cip.usac.edu.gt\/wp-content\/uploads\/2021\/09\/Diario-de-C-A2021.pdf\" style=\"background-color:#2c7cf2\">Publicaci\u00f3n del Diario de Centro Am\u00e9rica Edici\u00f3n Impresa 2021<\/a><\/div>\n<\/div>\n\n\n\n<h3 class=\"wp-block-heading\" id=\"reglamentos-de-archivo\">Reglamentos de Archivo <\/h3>\n\n\n\n<div class=\"wp-block-button\"><a class=\"wp-block-button__link has-background wp-element-button\" href=\"https:\/\/cip.usac.edu.gt\/wp-content\/uploads\/2020\/02\/archivo-2019.jpg\" style=\"background-color:#2c7cf2\" target=\"_blank\" rel=\"noreferrer noopener\">Reglamento General del Archivo <\/a><\/div>\n\n\n\n<div style=\"height:100px\" aria-hidden=\"true\" class=\"wp-block-spacer\"><\/div>\n\n\n\n<hr class=\"wp-block-separator has-css-opacity is-style-wide\"\/>\n\n\n\n<h3 class=\"wp-block-heading\" id=\"reglamento-del-sistema-institucional-de-archivos-usac\">Reglamento del Sistema Institucional de Archivos USAC<\/h3>\n\n\n\n<p>Considerando que en la actualidad exiten normas vigentes a nivel nacional y de cumplimiento obligatorio para los archivos del sector p\u00fablico tal como la Ley del Archivo General de Centroam\u00e9rica, Decreto 17-68 del Congreso de la Rep\u00fablica de Guatemala; Ley para la Protecci\u00f3n del Patrimonio Cultural de la naci\u00f3n, Decreto 26-97 del Congreso de la Rep\u00fablica de Guatemala; C\u00f3digo de Comercio, Decreto 2-7 del Congreso de la Rep\u00fablica de Guatemala, que emanan disposiciones en el quehacer de los Archivos.<\/p>\n\n\n\n<p>Que de conformidad con lo establecido en el Art\u00edculo 82 de la Constituci\u00f3n Pol\u00edtica de la Repu\u00fablica de Guatemala, en cuanto a que esta Casa de Estudios Superiores se rige por sus propios reglamentos, es necesario establecer normas internas para la organizaci\u00f3n t\u00e9cnica y profesional del acervo documental en la Universidad de San Carlos de Guatemala.<\/p>\n\n\n\n<p>Que el Consejo Superior Universitario de conformidad con las atribuciones que le confiere el Art\u00edculo 11 del Estatuto de la Universidad de San Carlos de Guatemala, ACUERDA, Aprobar el: Reglamento del Sistema Institucional de Archivos de la Universidad de San Carlos de Guatemala en el PUNTO SEPTIMO, Inciso 7.3 del Acta 13-2016, el 13 de julio de 2016.<\/p>\n\n\n\n<div class=\"wp-block-button\"><a class=\"wp-block-button__link has-background wp-element-button\" href=\"https:\/\/cip.usac.edu.gt\/wp-content\/uploads\/2020\/02\/Reglamento-del-Sistema-Institucional-de-Archivos-Usac.pdf\" style=\"background-color:#2c7cf2\" target=\"_blank\" rel=\"noreferrer noopener\">Reglamento del Sistema Institucional <\/a><\/div>\n\n\n\n<div style=\"height:100px\" aria-hidden=\"true\" class=\"wp-block-spacer\"><\/div>\n\n\n\n<hr class=\"wp-block-separator has-css-opacity is-style-wide\"\/>\n\n\n\n<div style=\"height:100px\" aria-hidden=\"true\" class=\"wp-block-spacer\"><\/div>\n\n\n\n<p>Publicaci\u00f3n realizada en el Portal El\u00e9ctronico del Diario de Centro Am\u00e9rica, del viernes treinta (30) de octubre de dos mil veinte (2020).<\/p>\n\n\n\n<div class=\"wp-block-button\"><a class=\"wp-block-button__link has-background wp-element-button\" href=\"https:\/\/cip.usac.edu.gt\/wp-content\/uploads\/2020\/11\/publicacion-archivo-Diario-de-Centro-america-2020.pdf\" style=\"background-color:#2c7cf2\" target=\"_blank\" rel=\"noreferrer noopener\">Publicaci\u00f3n del Diario de Centro Am\u00e9rica 2020<\/a><\/div>\n\n\n\n<div style=\"height:100px\" aria-hidden=\"true\" class=\"wp-block-spacer\"><\/div>\n\n\n\n<p>Publicaci\u00f3n realizada en el Portal El\u00e9ctronico del Diario de Centro Am\u00e9rica, del lunes once (11) de noviembre de dos mil diecinueve (2019).<\/p>\n\n\n\n<div class=\"wp-block-button\"><a class=\"wp-block-button__link has-background wp-element-button\" href=\"http:\/\/c3.usac.edu.gt\/cip.usac.edu.gt\/public_html\/wp-content\/uploads\/2020\/02\/archivo-2019.jpg\" style=\"background-color:#2c7cf2\" target=\"_blank\" rel=\"noreferrer noopener\">Publicaci\u00f3n del diario de centro am\u00e9rica 2019 <\/a><\/div>\n\n\n\n<div style=\"height:100px\" aria-hidden=\"true\" class=\"wp-block-spacer\"><\/div>\n\n\n\n<p><\/p>\n","protected":false},"excerpt":{"rendered":"<p>Publicaciones del Diario de Centro Am\u00e9rica Publicaci\u00f3n realizada por del Diario de Centro Am\u00e9rica, del martes 27 de Novimebre del dos mil veinticinco (2025) Publicaciones del Diario de Centro Am\u00e9rica Publicaci\u00f3n realizada por del Diario de Centro Am\u00e9rica, del martes 14 de Octubre del dos mil veinticuatro (2024) Publicaciones del Diario de Centro Am\u00e9rica Publicaci\u00f3n [&hellip;]<\/p>\n","protected":false},"author":2,"featured_media":0,"parent":0,"menu_order":0,"comment_status":"closed","ping_status":"closed","template":"","meta":{"footnotes":""},"class_list":["post-561","page","type-page","status-publish","czr-hentry"],"_links":{"self":[{"href":"https:\/\/cip.usac.edu.gt\/index.php\/wp-json\/wp\/v2\/pages\/561","targetHints":{"allow":["GET"]}}],"collection":[{"href":"https:\/\/cip.usac.edu.gt\/index.php\/wp-json\/wp\/v2\/pages"}],"about":[{"href":"https:\/\/cip.usac.edu.gt\/index.php\/wp-json\/wp\/v2\/types\/page"}],"author":[{"embeddable":true,"href":"https:\/\/cip.usac.edu.gt\/index.php\/wp-json\/wp\/v2\/users\/2"}],"replies":[{"embeddable":true,"href":"https:\/\/cip.usac.edu.gt\/index.php\/wp-json\/wp\/v2\/comments?post=561"}],"version-history":[{"count":33,"href":"https:\/\/cip.usac.edu.gt\/index.php\/wp-json\/wp\/v2\/pages\/561\/revisions"}],"predecessor-version":[{"id":6824,"href":"https:\/\/cip.usac.edu.gt\/index.php\/wp-json\/wp\/v2\/pages\/561\/revisions\/6824"}],"wp:attachment":[{"href":"https:\/\/cip.usac.edu.gt\/index.php\/wp-json\/wp\/v2\/media?parent=561"}],"curies":[{"name":"wp","href":"https:\/\/api.w.org\/{rel}","templated":true}]}}