{"id":547,"date":"2020-02-11T20:49:31","date_gmt":"2020-02-11T20:49:31","guid":{"rendered":"http:\/\/c3.usac.edu.gt\/cip.usac.edu.gt\/public_html\/?page_id=547"},"modified":"2024-02-12T17:43:54","modified_gmt":"2024-02-12T17:43:54","slug":"27-indice","status":"publish","type":"page","link":"https:\/\/cip.usac.edu.gt\/index.php\/27-indice\/","title":{"rendered":"27. \u00cdndice"},"content":{"rendered":"\n<p class=\"has-white-color has-text-color has-background has-medium-font-size\" style=\"background-color:#2c7cf2\">INDICE <\/p>\n\n\n\n<p><\/p>\n\n\n\n<p>La Universidad de San Carlos de Guatemala&nbsp;<strong>NO HA EMITIDO DISPOSICIONES A TRAV\u00c9S DE LAS CUALES SE CLASIFICA INFORMACI\u00d3N COMO RESERVADA<\/strong>&nbsp;conforme al procedimiento establecido en los art\u00edculos 25 al 28 del Decreto 57-2008 del Congreso de la Rep\u00fablica de Guatemala, Ley de Acceso a la Informaci\u00f3n P\u00fablica.<\/p>\n\n\n\n<p>De conformidad con los Art\u00edculos 22 y 23 del cuerpo normativo precitado, esta instituci\u00f3n cuenta con informaci\u00f3n previamente establecida por ley como confidencial y reservada, dentro de la cual se puede incluir la siguiente:<\/p>\n\n\n\n<p><strong>LEY DE ACCESO A LA INFORMACI\u00d3N P\u00daBLICA, DECRETO 57-2008 DEL CONGRESO DE LA REP\u00daBLICA DE GUATEMALA<\/strong><\/p>\n\n\n\n<ol class=\"wp-block-list\">\n<li>Direcciones personales de correos electr\u00f3nicos. &nbsp;&nbsp;<\/li>\n\n\n\n<li>N\u00fameros de tel\u00e9fono personales.<\/li>\n\n\n\n<li>Domicilio.<\/li>\n\n\n\n<li>Origen Racial.<\/li>\n\n\n\n<li>La expresamente definida en el art\u00edculo veinticuatro de la Constituci\u00f3n Pol\u00edtica de la Rep\u00fablica de Guatemala (Art 22 numeral 1 de la Ley de Acceso a la Informaci\u00f3n Publica).<\/li>\n\n\n\n<li>La expresamente definida como confidencial en la Ley de Bancos y Grupos Financieros (Art 22 numeral 2 de la Ley de Acceso a la Informaci\u00f3n Publica).<\/li>\n\n\n\n<li>La informaci\u00f3n calificada como secreto profesional (Art 22 numeral 3 de la Ley de Acceso a la Informaci\u00f3n Publica).<\/li>\n\n\n\n<li>Toda aquella informaci\u00f3n que por disposici\u00f3n expresa de una ley sea considerada como confidencial (Art\u00edculo 22 numeral 4 de la Ley de Acceso a la Informaci\u00f3n Publica).<\/li>\n\n\n\n<li>Los datos sensibles o personales sensibles, que solo podr\u00e1n ser conocidos por el titular del derecho. (Art. 22 numeral 5 de la Ley de Acceso a la Informaci\u00f3n Publica).<\/li>\n\n\n\n<li>La informaci\u00f3n de particulares recibida bajo garant\u00eda de confidencia. (Art. 22 numeral 6 de la Ley de Acceso a la Informaci\u00f3n Publica).<\/li>\n<\/ol>\n\n\n\n<p><\/p>\n\n\n\n<p><\/p>\n\n\n\n<p><strong>Toda negativa total o parcial de acceso se har\u00e1 de conocimiento del&nbsp;solicitante al emitir la resoluci\u00f3n&nbsp;correspondiente.<\/strong><\/p>\n","protected":false},"excerpt":{"rendered":"<p>INDICE La Universidad de San Carlos de Guatemala&nbsp;NO HA EMITIDO DISPOSICIONES A TRAV\u00c9S DE LAS CUALES SE CLASIFICA INFORMACI\u00d3N COMO RESERVADA&nbsp;conforme al procedimiento establecido en los art\u00edculos 25 al 28 del Decreto 57-2008 del Congreso de la Rep\u00fablica de Guatemala, Ley de Acceso a la Informaci\u00f3n P\u00fablica. De conformidad con los Art\u00edculos 22 y 23 [&hellip;]<\/p>\n","protected":false},"author":2,"featured_media":0,"parent":0,"menu_order":0,"comment_status":"closed","ping_status":"closed","template":"","meta":{"footnotes":""},"class_list":["post-547","page","type-page","status-publish","czr-hentry"],"_links":{"self":[{"href":"https:\/\/cip.usac.edu.gt\/index.php\/wp-json\/wp\/v2\/pages\/547","targetHints":{"allow":["GET"]}}],"collection":[{"href":"https:\/\/cip.usac.edu.gt\/index.php\/wp-json\/wp\/v2\/pages"}],"about":[{"href":"https:\/\/cip.usac.edu.gt\/index.php\/wp-json\/wp\/v2\/types\/page"}],"author":[{"embeddable":true,"href":"https:\/\/cip.usac.edu.gt\/index.php\/wp-json\/wp\/v2\/users\/2"}],"replies":[{"embeddable":true,"href":"https:\/\/cip.usac.edu.gt\/index.php\/wp-json\/wp\/v2\/comments?post=547"}],"version-history":[{"count":24,"href":"https:\/\/cip.usac.edu.gt\/index.php\/wp-json\/wp\/v2\/pages\/547\/revisions"}],"predecessor-version":[{"id":5494,"href":"https:\/\/cip.usac.edu.gt\/index.php\/wp-json\/wp\/v2\/pages\/547\/revisions\/5494"}],"wp:attachment":[{"href":"https:\/\/cip.usac.edu.gt\/index.php\/wp-json\/wp\/v2\/media?parent=547"}],"curies":[{"name":"wp","href":"https:\/\/api.w.org\/{rel}","templated":true}]}}