{"id":5,"date":"2019-03-25T14:44:40","date_gmt":"2019-03-25T14:44:40","guid":{"rendered":"http:\/\/c3.usac.edu.gt\/cip.usac.edu.gt\/public_html\/?page_id=5"},"modified":"2023-01-10T21:36:47","modified_gmt":"2023-01-10T21:36:47","slug":"mision-y-vision","status":"publish","type":"page","link":"https:\/\/cip.usac.edu.gt\/index.php\/mision-y-vision\/","title":{"rendered":"Misi\u00f3n y Visi\u00f3n"},"content":{"rendered":"\n<h3 class=\"has-text-color wp-block-heading\" style=\"color:#2c7cf2\">Misi\u00f3n<\/h3>\n\n\n\n<div class=\"wp-block-columns is-layout-flex wp-container-core-columns-is-layout-9d6595d7 wp-block-columns-is-layout-flex\">\n<div class=\"wp-block-column is-layout-flow wp-block-column-is-layout-flow\" style=\"flex-basis:33.33%\"><div class=\"wp-block-image\">\n<figure class=\"aligncenter size-large is-resized\"><img loading=\"lazy\" decoding=\"async\" src=\"https:\/\/cip.usac.edu.gt\/wp-content\/uploads\/2021\/06\/mision.png\" alt=\"\" class=\"wp-image-2870\" width=\"209\" height=\"209\" srcset=\"https:\/\/cip.usac.edu.gt\/wp-content\/uploads\/2021\/06\/mision.png 418w, https:\/\/cip.usac.edu.gt\/wp-content\/uploads\/2021\/06\/mision-300x300.png 300w, https:\/\/cip.usac.edu.gt\/wp-content\/uploads\/2021\/06\/mision-150x150.png 150w\" sizes=\"auto, (max-width: 209px) 100vw, 209px\" \/><\/figure><\/div><\/div>\n\n\n\n<div class=\"wp-block-column is-layout-flow wp-block-column-is-layout-flow\" style=\"flex-basis:66.66%\">\n<p>Promover, garantizar y facilitar a la comunidad universitaria y poblaci\u00f3n guatemalteca, el acceso a la informaci\u00f3n p\u00fablica acad\u00e9mico-administrativa y actos de funcionarios de la Universidad de San Carlos de Guatemala, con la custodia y protecci\u00f3n de la informaci\u00f3n a nuestro cargo de acuerdo a lo establecido en la Ley de Acceso a la Informaci\u00f3n P\u00fablica (Decreto 57-2008)..<\/p>\n<\/div>\n<\/div>\n\n\n\n<hr class=\"wp-block-separator has-css-opacity is-style-wide\"\/>\n\n\n\n<h3 class=\"has-text-color wp-block-heading\" style=\"color:#2c7cf2\">Visi\u00f3n<\/h3>\n\n\n\n<div class=\"wp-block-columns is-layout-flex wp-container-core-columns-is-layout-9d6595d7 wp-block-columns-is-layout-flex\">\n<div class=\"wp-block-column is-layout-flow wp-block-column-is-layout-flow\" style=\"flex-basis:33.33%\"><div class=\"wp-block-image\">\n<figure class=\"aligncenter size-large is-resized\"><img loading=\"lazy\" decoding=\"async\" src=\"https:\/\/cip.usac.edu.gt\/wp-content\/uploads\/2021\/06\/vision.png\" alt=\"\" class=\"wp-image-2872\" width=\"209\" height=\"209\" srcset=\"https:\/\/cip.usac.edu.gt\/wp-content\/uploads\/2021\/06\/vision.png 418w, https:\/\/cip.usac.edu.gt\/wp-content\/uploads\/2021\/06\/vision-300x300.png 300w, https:\/\/cip.usac.edu.gt\/wp-content\/uploads\/2021\/06\/vision-150x150.png 150w\" sizes=\"auto, (max-width: 209px) 100vw, 209px\" \/><\/figure><\/div><\/div>\n\n\n\n<div class=\"wp-block-column is-layout-flow wp-block-column-is-layout-flow\" style=\"flex-basis:66.66%\">\n<p>Ser la unidad de informaci\u00f3n p\u00fablica l\u00edder en el tema de transparencia por medio de una filosof\u00eda de servicio al sujeto activo, que garantice a la comunidad universitaria y p\u00fablico en general, la cultura de transparencia, rendici\u00f3n de cuentas y protecci\u00f3n de los datos personales a trav\u00e9s de la implementaci\u00f3n de mecanismos que aseguren el cumplimiento de la Ley de Acceso a la Informaci\u00f3n P\u00fablica, de la Universidad de San Carlos de Guatemala.<\/p>\n<\/div>\n<\/div>\n","protected":false},"excerpt":{"rendered":"<p>Misi\u00f3n Promover, garantizar y facilitar a la comunidad universitaria y poblaci\u00f3n guatemalteca, el acceso a la informaci\u00f3n p\u00fablica acad\u00e9mico-administrativa y actos de funcionarios de la Universidad de San Carlos de Guatemala, con la custodia y protecci\u00f3n de la informaci\u00f3n a nuestro cargo de acuerdo a lo establecido en la Ley de Acceso a la Informaci\u00f3n [&hellip;]<\/p>\n","protected":false},"author":1,"featured_media":0,"parent":0,"menu_order":0,"comment_status":"closed","ping_status":"closed","template":"","meta":{"footnotes":""},"class_list":["post-5","page","type-page","status-publish","czr-hentry"],"_links":{"self":[{"href":"https:\/\/cip.usac.edu.gt\/index.php\/wp-json\/wp\/v2\/pages\/5","targetHints":{"allow":["GET"]}}],"collection":[{"href":"https:\/\/cip.usac.edu.gt\/index.php\/wp-json\/wp\/v2\/pages"}],"about":[{"href":"https:\/\/cip.usac.edu.gt\/index.php\/wp-json\/wp\/v2\/types\/page"}],"author":[{"embeddable":true,"href":"https:\/\/cip.usac.edu.gt\/index.php\/wp-json\/wp\/v2\/users\/1"}],"replies":[{"embeddable":true,"href":"https:\/\/cip.usac.edu.gt\/index.php\/wp-json\/wp\/v2\/comments?post=5"}],"version-history":[{"count":8,"href":"https:\/\/cip.usac.edu.gt\/index.php\/wp-json\/wp\/v2\/pages\/5\/revisions"}],"predecessor-version":[{"id":4545,"href":"https:\/\/cip.usac.edu.gt\/index.php\/wp-json\/wp\/v2\/pages\/5\/revisions\/4545"}],"wp:attachment":[{"href":"https:\/\/cip.usac.edu.gt\/index.php\/wp-json\/wp\/v2\/media?parent=5"}],"curies":[{"name":"wp","href":"https:\/\/api.w.org\/{rel}","templated":true}]}}