{"id":453,"date":"2020-02-05T21:59:44","date_gmt":"2020-02-05T21:59:44","guid":{"rendered":"http:\/\/c3.usac.edu.gt\/cip.usac.edu.gt\/public_html\/?page_id=453"},"modified":"2026-01-28T16:53:34","modified_gmt":"2026-01-28T16:53:34","slug":"15-montos-y-beneficiarios-de-becas","status":"publish","type":"page","link":"https:\/\/cip.usac.edu.gt\/index.php\/15-montos-y-beneficiarios-de-becas\/","title":{"rendered":"15. Los montos asignados, los criterios de acceso y los padrones de beneficiarios de los programas de becas o transferencias otorgados con fondos p\u00fablicos."},"content":{"rendered":"\n<p class=\"has-large-font-size\"><strong>Becas <\/strong><\/p>\n\n\n\n<figure class=\"wp-block-image size-large\"><img loading=\"lazy\" decoding=\"async\" width=\"1024\" height=\"152\" src=\"https:\/\/cip.usac.edu.gt\/wp-content\/uploads\/2021\/06\/cropped-bannerN-1024x152.png\" alt=\"\" class=\"wp-image-2998\" srcset=\"https:\/\/cip.usac.edu.gt\/wp-content\/uploads\/2021\/06\/cropped-bannerN-1024x152.png 1024w, https:\/\/cip.usac.edu.gt\/wp-content\/uploads\/2021\/06\/cropped-bannerN-300x45.png 300w, https:\/\/cip.usac.edu.gt\/wp-content\/uploads\/2021\/06\/cropped-bannerN-768x114.png 768w, https:\/\/cip.usac.edu.gt\/wp-content\/uploads\/2021\/06\/cropped-bannerN.png 1400w\" sizes=\"auto, (max-width: 1024px) 100vw, 1024px\" \/><\/figure>\n\n\n\n<h3 class=\"wp-block-heading\" id=\"que-es-la-seccion-socioeconomica\">\u00bfQu\u00e9 es la Secci\u00f3n Socioecon\u00f3mica?<\/h3>\n\n\n\n<p>La Secci\u00f3n Socioecon\u00f3mica pertenece a la Divisi\u00f3n de Bienestar Estudiantil de la Universidad de San Carlos de Guatemala. Es la dependencia espec\u00edfica, encargada del estudio e investigaci\u00f3n de la situaci\u00f3n socioecon\u00f3mica del estudiante universitario de escasos recursos y alto rendimiento acad\u00e9mico, con el fin de colaborar en la resoluci\u00f3n de sus problemas. Apoyando con becas no reembolsables, exoneraciones, financiamiento para el Ejercicio Profesional Supervisado o Tesis de Graduaci\u00f3n.<\/p>\n\n\n\n<p><strong>Art\u00edculo 1: Definici\u00f3n del Fondo del Programa de Becas de Pregrado.<\/strong> Recurso financiero que la Universidad de San Carlos de Guatemala destina anualmente, para el programa de becas de pregrado, que se adjudican a estudiantes guatemaltecos de escasos recursos y buen rendimiento acad\u00e9mico, inscritos en esta casa de estudios como apoyo y est\u00edmulo para promover la formaci\u00f3n educativa, art\u00edstica, cultural, deportiva, t\u00e9cnica y profesional.<\/p>\n\n\n\n<div class=\"wp-block-buttons is-layout-flex wp-block-buttons-is-layout-flex\">\n<div class=\"wp-block-button\"><a class=\"wp-block-button__link has-white-color has-black-background-color has-text-color has-background wp-element-button\" href=\"http:\/\/becas.usac.edu.gt\/\" target=\"_blank\" rel=\"noreferrer noopener\">Ir al sitio de Becas<\/a><\/div>\n<\/div>\n\n\n\n<p class=\"has-vivid-red-color has-text-color\">Nota: Los beneficiarios de las becas de la secci\u00f3n socioecon\u00f3mica son autorizados a partir del mes de abril de cada a\u00f1o. Sin embargo, el gasto correspondiente se ejecuta a partir del<strong> mes de mayo <\/strong>de ese mismo a\u00f1o, abarcando el per\u00edodo de enero a diciembre. Por lo tanto, el listado de beneficiarios estar\u00e1 disponible a partir del mes de mayo de cada a\u00f1o.<\/p>\n\n\n\n<p><\/p>\n\n\n\n<div class=\"wp-block-group\"><div class=\"wp-block-group__inner-container is-layout-flow wp-block-group-is-layout-flow\">\n<p class=\"has-white-color has-text-color has-background has-medium-font-size\" style=\"background-color:#2c7cf2\"><strong>Listado de Beneficiarios<\/strong><\/p>\n\n\n\n<div align=\"center\">\n    \t<form name=\"form1\" id=\"form1\" method=\"post\" action=\"https:\/\/www3.usac.edu.gt\/cip\/muestra15.php\" target=\"_blank\">\n    \t\t<div class=\"form-group\">\n\t\t\t<div style=\"float:left;\">&nbsp;&nbsp;&nbsp;&nbsp;<\/div>\n\t\t\t<div width=\"20%\" style=\"float:left;\">\n\t\t\t<select name=\"anyo\" id=\"anyo\" required=\"required\" class=\"form-control form-control-md\">\n\t\t\t      <option value=\"2026\" selected=\"selected\">2026<\/option>\n\t\t\t      <option value=\"2025\">2025<\/option>\n                              <option value=\"2024\">2024<\/option>\t\t\t       \n                              <option value=\"2023\">2023<\/option>\n                              <option value=\"2022\">2022<\/option>\n\t\t\t<\/select>\n    \t\t<\/div>\n    \t\t<div style=\"float:left;\">&nbsp;&nbsp;&nbsp;&nbsp;<\/div>\n    \t\t<div width=\"20%\" style=\"float:left;\">\n\t\t\t<input name=\"enviar\" id=\"enviar\" value=\"Consultar\" type=\"submit\" class=\"btn btn-outline-primary\">\n\t\t\t<\/div>\n    \t<br><br>\n\t<\/div><\/form><\/div>\n<\/div><\/div>\n\n\n\n<div class=\"wp-block-group\"><div class=\"wp-block-group__inner-container is-layout-flow wp-block-group-is-layout-flow\">\n<hr class=\"wp-block-separator has-css-opacity\"\/>\n\n\n\n<p class=\"has-white-color has-text-color has-background has-normal-font-size\" style=\"background-color:#2c7cf2\"><strong>Tipos de Becas <\/strong><\/p>\n\n\n\n<p>Puede conocer el listado de tipos de becas en la p\u00e1gina de la Secci\u00f3n Socioecon\u00f3mica de la Universidad de San Carlos de Guatemala, la cual est\u00e1 encargada del estudio e investigaci\u00f3n de la situaci\u00f3n socioecon\u00f3mica del estudiante universitario de escasos recursos y alto rendimiento acad\u00e9mico, con el fin de colaborar en la resoluci\u00f3n de sus problemas. Apoyando con becas no reembolsables, exoneraciones, financiamiento para el Ejercicio Profesional Supervisado o Tesis de Graduaci\u00f3n.<\/p>\n\n\n\n<div class=\"wp-block-columns is-layout-flex wp-container-core-columns-is-layout-9d6595d7 wp-block-columns-is-layout-flex\">\n<div class=\"wp-block-column is-layout-flow wp-block-column-is-layout-flow\">\n<div class=\"wp-block-buttons is-layout-flex wp-block-buttons-is-layout-flex\">\n<div class=\"wp-block-button\"><a class=\"wp-block-button__link wp-element-button\" href=\"https:\/\/becas.usac.edu.gt\/index.php\/pregrado-primer-ingreso\/\">Pregrado 1era Solicitud<\/a><\/div>\n<\/div>\n<\/div>\n\n\n\n<div class=\"wp-block-column is-layout-flow wp-block-column-is-layout-flow\">\n<div class=\"wp-block-buttons is-layout-flex wp-block-buttons-is-layout-flex\">\n<div class=\"wp-block-button\"><a class=\"wp-block-button__link wp-element-button\" href=\"https:\/\/becas.usac.edu.gt\/index.php\/pregrado-reingreso\/\">Pregrado Renovaci\u00f3n <\/a><\/div>\n<\/div>\n<\/div>\n\n\n\n<div class=\"wp-block-column is-layout-flow wp-block-column-is-layout-flow\">\n<div class=\"wp-block-buttons is-layout-flex wp-block-buttons-is-layout-flex\">\n<div class=\"wp-block-button\"><a class=\"wp-block-button__link wp-element-button\" href=\"https:\/\/becas.usac.edu.gt\/index.php\/tesis-de-grado\/\">Tesis de grado <\/a><\/div>\n<\/div>\n<\/div>\n<\/div>\n\n\n\n<div class=\"wp-block-columns is-layout-flex wp-container-core-columns-is-layout-9d6595d7 wp-block-columns-is-layout-flex\">\n<div class=\"wp-block-column is-layout-flow wp-block-column-is-layout-flow\">\n<div class=\"wp-block-buttons is-layout-flex wp-block-buttons-is-layout-flex\">\n<div class=\"wp-block-button\"><a class=\"wp-block-button__link wp-element-button\" href=\"https:\/\/becas.usac.edu.gt\/index.php\/eps\/\">EPS<\/a><\/div>\n<\/div>\n<\/div>\n\n\n\n<div class=\"wp-block-column is-layout-flow wp-block-column-is-layout-flow\">\n<div class=\"wp-block-buttons is-layout-flex wp-block-buttons-is-layout-flex\">\n<div class=\"wp-block-button\"><a class=\"wp-block-button__link wp-element-button\" href=\"https:\/\/becas.usac.edu.gt\/index.php\/discapacidad\/\">Discapacidad <\/a><\/div>\n<\/div>\n<\/div>\n\n\n\n<div class=\"wp-block-column is-layout-flow wp-block-column-is-layout-flow\">\n<div class=\"wp-block-buttons is-layout-flex wp-block-buttons-is-layout-flex\">\n<div class=\"wp-block-button\"><a class=\"wp-block-button__link wp-element-button\" href=\"https:\/\/becas.usac.edu.gt\/index.php\/arte-cultura-y-deporte\/\">Arte Cultura y Deporte <\/a><\/div>\n<\/div>\n<\/div>\n<\/div>\n\n\n\n<div class=\"wp-block-buttons is-horizontal is-content-justification-center is-layout-flex wp-container-core-buttons-is-layout-499968f5 wp-block-buttons-is-layout-flex\"><\/div>\n\n\n\n<figure class=\"wp-block-image size-large\"><img loading=\"lazy\" decoding=\"async\" width=\"1024\" height=\"293\" src=\"https:\/\/cip.usac.edu.gt\/wp-content\/uploads\/2021\/06\/banner004BECAS-1024x293.jpg\" alt=\"\" class=\"wp-image-3009\" srcset=\"https:\/\/cip.usac.edu.gt\/wp-content\/uploads\/2021\/06\/banner004BECAS-1024x293.jpg 1024w, https:\/\/cip.usac.edu.gt\/wp-content\/uploads\/2021\/06\/banner004BECAS-300x86.jpg 300w, https:\/\/cip.usac.edu.gt\/wp-content\/uploads\/2021\/06\/banner004BECAS-768x219.jpg 768w, https:\/\/cip.usac.edu.gt\/wp-content\/uploads\/2021\/06\/banner004BECAS.jpg 1400w\" sizes=\"auto, (max-width: 1024px) 100vw, 1024px\" \/><figcaption class=\"wp-element-caption\">Female researchers examined tobacco leaves with a modern concept book.<\/figcaption><\/figure>\n\n\n\n<hr class=\"wp-block-separator has-css-opacity\"\/>\n\n\n\n<p class=\"has-white-color has-text-color has-background\" style=\"background-color:#2c7cf2\"><strong>Criterios de acceso  <\/strong><\/p>\n\n\n\n<p><strong>Art\u00edculo 1. Definici\u00f3n del Fondo del Programa de Becas de Pregrado.<\/strong> Recurso financiero que la Universidad de San Carlos de Guatemala destina anualmente, para el programa de becas de pregrado, que se adjudican a estudiantes guatemaltecos inscritos en esta casa de estudios.<\/p>\n\n\n\n<figure class=\"wp-block-image size-large\"><img loading=\"lazy\" decoding=\"async\" width=\"1024\" height=\"293\" src=\"https:\/\/cip.usac.edu.gt\/wp-content\/uploads\/2021\/06\/banner002becas-1024x293.jpg\" alt=\"\" class=\"wp-image-3010\" srcset=\"https:\/\/cip.usac.edu.gt\/wp-content\/uploads\/2021\/06\/banner002becas-1024x293.jpg 1024w, https:\/\/cip.usac.edu.gt\/wp-content\/uploads\/2021\/06\/banner002becas-300x86.jpg 300w, https:\/\/cip.usac.edu.gt\/wp-content\/uploads\/2021\/06\/banner002becas-768x219.jpg 768w, https:\/\/cip.usac.edu.gt\/wp-content\/uploads\/2021\/06\/banner002becas.jpg 1400w\" sizes=\"auto, (max-width: 1024px) 100vw, 1024px\" \/><\/figure>\n\n\n\n<p><em>Puedes leer el reglamento completo descargando el archivo pdf.<\/em><\/p>\n\n\n\n<div class=\"wp-block-button\"><a class=\"wp-block-button__link has-background wp-element-button\" href=\"https:\/\/becas.usac.edu.gt\/wp-content\/uploads\/2020\/05\/REGLAMENTO-DE-BECAS.pdf\" style=\"background-color:#2c7cf2\" target=\"_blank\" rel=\"noreferrer noopener\">Descargar Documento PDF<\/a><\/div>\n<\/div><\/div>\n\n\n\n<p class=\"has-large-font-size\"><strong>Subsidios y transferencias<\/strong><\/p>\n\n\n\n<div class=\"wp-block-buttons is-layout-flex wp-block-buttons-is-layout-flex\">\n<div class=\"wp-block-button\"><a class=\"wp-block-button__link has-background wp-element-button\" href=\"https:\/\/cip.usac.edu.gt\/index.php\/subsidios-y-transferencias\/\" style=\"background-color:#1e3475\"><strong>Subsidios<\/strong> <strong>y transferencias<\/strong> <\/a><\/div>\n<\/div>\n\n\n\n<hr class=\"wp-block-separator has-css-opacity is-style-wide\"\/>\n\n\n\n<div class=\"wp-block-columns are-vertically-aligned-center is-layout-flex wp-container-core-columns-is-layout-9d6595d7 wp-block-columns-is-layout-flex\">\n<div class=\"wp-block-column is-vertically-aligned-center is-layout-flow wp-block-column-is-layout-flow\">\n<figure class=\"wp-block-image size-full\"><a href=\"https:\/\/cip.usac.edu.gt\/index.php\/2021\/06\/30\/informacion-becas-2020\/\"><img loading=\"lazy\" decoding=\"async\" width=\"173\" height=\"174\" src=\"https:\/\/cip.usac.edu.gt\/wp-content\/uploads\/2022\/02\/SUbsidios-2020.png\" alt=\"\" class=\"wp-image-3859\" srcset=\"https:\/\/cip.usac.edu.gt\/wp-content\/uploads\/2022\/02\/SUbsidios-2020.png 173w, https:\/\/cip.usac.edu.gt\/wp-content\/uploads\/2022\/02\/SUbsidios-2020-150x150.png 150w\" sizes=\"auto, (max-width: 173px) 100vw, 173px\" \/><\/a><\/figure>\n<\/div>\n\n\n\n<div class=\"wp-block-column is-vertically-aligned-center is-layout-flow wp-block-column-is-layout-flow\">\n<figure class=\"wp-block-image size-full\"><a href=\"https:\/\/cip.usac.edu.gt\/index.php\/2021\/06\/30\/informacion-becas-2021\/\"><img loading=\"lazy\" decoding=\"async\" width=\"173\" height=\"174\" src=\"https:\/\/cip.usac.edu.gt\/wp-content\/uploads\/2022\/02\/subsidios-2021.png\" alt=\"\" class=\"wp-image-3860\" srcset=\"https:\/\/cip.usac.edu.gt\/wp-content\/uploads\/2022\/02\/subsidios-2021.png 173w, https:\/\/cip.usac.edu.gt\/wp-content\/uploads\/2022\/02\/subsidios-2021-150x150.png 150w\" sizes=\"auto, (max-width: 173px) 100vw, 173px\" \/><\/a><\/figure>\n<\/div>\n\n\n\n<div class=\"wp-block-column is-vertically-aligned-center is-layout-flow wp-block-column-is-layout-flow\">\n<figure class=\"wp-block-image size-full\"><a href=\"informacion-de-subsidios-y-transferencias-2022\"><img loading=\"lazy\" decoding=\"async\" width=\"173\" height=\"174\" src=\"https:\/\/cip.usac.edu.gt\/wp-content\/uploads\/2022\/02\/subsidios-2022.png\" alt=\"\" class=\"wp-image-3858\" srcset=\"https:\/\/cip.usac.edu.gt\/wp-content\/uploads\/2022\/02\/subsidios-2022.png 173w, https:\/\/cip.usac.edu.gt\/wp-content\/uploads\/2022\/02\/subsidios-2022-150x150.png 150w\" sizes=\"auto, (max-width: 173px) 100vw, 173px\" \/><\/a><\/figure>\n<\/div>\n<\/div>\n\n\n\n<div class=\"wp-block-columns is-layout-flex wp-container-core-columns-is-layout-9d6595d7 wp-block-columns-is-layout-flex\">\n<div class=\"wp-block-column is-layout-flow wp-block-column-is-layout-flow\">\n<figure class=\"wp-block-image size-full\"><a href=\"https:\/\/cip.usac.edu.gt\/index.php\/informacion-de-subsidios-y-transferencias-2023\/\"><img loading=\"lazy\" decoding=\"async\" width=\"173\" height=\"174\" src=\"https:\/\/cip.usac.edu.gt\/wp-content\/uploads\/2023\/02\/Subcidios-2023.png\" alt=\"\" class=\"wp-image-4799\" srcset=\"https:\/\/cip.usac.edu.gt\/wp-content\/uploads\/2023\/02\/Subcidios-2023.png 173w, https:\/\/cip.usac.edu.gt\/wp-content\/uploads\/2023\/02\/Subcidios-2023-150x150.png 150w\" sizes=\"auto, (max-width: 173px) 100vw, 173px\" \/><\/a><\/figure>\n<\/div>\n\n\n\n<div class=\"wp-block-column is-layout-flow wp-block-column-is-layout-flow\">\n<figure class=\"wp-block-image size-full\"><a href=\"https:\/\/cip.usac.edu.gt\/index.php\/subsidios-2024-2\/\"><img loading=\"lazy\" decoding=\"async\" width=\"173\" height=\"174\" src=\"https:\/\/cip.usac.edu.gt\/wp-content\/uploads\/2025\/01\/subsidios-2024.png\" alt=\"\" class=\"wp-image-6131\" srcset=\"https:\/\/cip.usac.edu.gt\/wp-content\/uploads\/2025\/01\/subsidios-2024.png 173w, https:\/\/cip.usac.edu.gt\/wp-content\/uploads\/2025\/01\/subsidios-2024-150x150.png 150w\" sizes=\"auto, (max-width: 173px) 100vw, 173px\" \/><\/a><\/figure>\n<\/div>\n\n\n\n<div class=\"wp-block-column is-layout-flow wp-block-column-is-layout-flow\">\n<figure class=\"wp-block-image size-full\"><a href=\"https:\/\/cip.usac.edu.gt\/index.php\/subsidios-2025-2\/\"><img loading=\"lazy\" decoding=\"async\" width=\"173\" height=\"174\" src=\"https:\/\/cip.usac.edu.gt\/wp-content\/uploads\/2025\/01\/subsidios-2025.png\" alt=\"\" class=\"wp-image-6129\" srcset=\"https:\/\/cip.usac.edu.gt\/wp-content\/uploads\/2025\/01\/subsidios-2025.png 173w, https:\/\/cip.usac.edu.gt\/wp-content\/uploads\/2025\/01\/subsidios-2025-150x150.png 150w\" sizes=\"auto, (max-width: 173px) 100vw, 173px\" \/><\/a><\/figure>\n<\/div>\n<\/div>\n","protected":false},"excerpt":{"rendered":"<p>Becas \u00bfQu\u00e9 es la Secci\u00f3n Socioecon\u00f3mica? La Secci\u00f3n Socioecon\u00f3mica pertenece a la Divisi\u00f3n de Bienestar Estudiantil de la Universidad de San Carlos de Guatemala. Es la dependencia espec\u00edfica, encargada del estudio e investigaci\u00f3n de la situaci\u00f3n socioecon\u00f3mica del estudiante universitario de escasos recursos y alto rendimiento acad\u00e9mico, con el fin de colaborar en la resoluci\u00f3n [&hellip;]<\/p>\n","protected":false},"author":2,"featured_media":613,"parent":0,"menu_order":0,"comment_status":"closed","ping_status":"closed","template":"","meta":{"footnotes":""},"class_list":["post-453","page","type-page","status-publish","has-post-thumbnail","czr-hentry"],"_links":{"self":[{"href":"https:\/\/cip.usac.edu.gt\/index.php\/wp-json\/wp\/v2\/pages\/453","targetHints":{"allow":["GET"]}}],"collection":[{"href":"https:\/\/cip.usac.edu.gt\/index.php\/wp-json\/wp\/v2\/pages"}],"about":[{"href":"https:\/\/cip.usac.edu.gt\/index.php\/wp-json\/wp\/v2\/types\/page"}],"author":[{"embeddable":true,"href":"https:\/\/cip.usac.edu.gt\/index.php\/wp-json\/wp\/v2\/users\/2"}],"replies":[{"embeddable":true,"href":"https:\/\/cip.usac.edu.gt\/index.php\/wp-json\/wp\/v2\/comments?post=453"}],"version-history":[{"count":97,"href":"https:\/\/cip.usac.edu.gt\/index.php\/wp-json\/wp\/v2\/pages\/453\/revisions"}],"predecessor-version":[{"id":7035,"href":"https:\/\/cip.usac.edu.gt\/index.php\/wp-json\/wp\/v2\/pages\/453\/revisions\/7035"}],"wp:featuredmedia":[{"embeddable":true,"href":"https:\/\/cip.usac.edu.gt\/index.php\/wp-json\/wp\/v2\/media\/613"}],"wp:attachment":[{"href":"https:\/\/cip.usac.edu.gt\/index.php\/wp-json\/wp\/v2\/media?parent=453"}],"curies":[{"name":"wp","href":"https:\/\/api.w.org\/{rel}","templated":true}]}}