{"id":37,"date":"2019-03-25T18:16:45","date_gmt":"2019-03-25T18:16:45","guid":{"rendered":"http:\/\/c3.usac.edu.gt\/cip.usac.edu.gt\/public_html\/?page_id=37"},"modified":"2022-11-07T03:09:25","modified_gmt":"2022-11-07T03:09:25","slug":"capacitaciones","status":"publish","type":"page","link":"https:\/\/cip.usac.edu.gt\/index.php\/capacitaciones\/","title":{"rendered":"Capacitaciones"},"content":{"rendered":"\n<blockquote class=\"wp-block-quote is-layout-flow wp-block-quote-is-layout-flow\"><p>CAPACITACION 2022<\/p><cite>Universidad de San Carlos de Guatemala<\/cite><\/blockquote>\n\n\n\n<div class=\"wp-block-buttons is-layout-flex wp-block-buttons-is-layout-flex\">\n<div class=\"wp-block-button\"><a class=\"wp-block-button__link has-background\" href=\"https:\/\/cip.usac.edu.gt\/wp-content\/uploads\/2022\/11\/Capacitacion-2022-unir.pdf\" style=\"background-color:#2c7cf2\">Descargar Documento<\/a><\/div>\n<\/div>\n\n\n\n<blockquote class=\"wp-block-quote is-layout-flow wp-block-quote-is-layout-flow\"><p>El Trabajo en Equipo Consolida la Transparencia<\/p><cite>Universidad de San Carlos de Guatemala<\/cite><\/blockquote>\n\n\n\n<div class=\"wp-block-buttons is-layout-flex wp-block-buttons-is-layout-flex\">\n<div class=\"wp-block-button\"><a class=\"wp-block-button__link has-background\" href=\"https:\/\/cip.usac.edu.gt\/wp-content\/uploads\/2019\/03\/TRABAJO-EN-EQUIPO.pdf\" style=\"background-color:#2c7cf2\" target=\"_blank\" rel=\"noreferrer noopener\">Descargar Documento<\/a><\/div>\n<\/div>\n\n\n\n<hr class=\"wp-block-separator\"\/>\n\n\n\n<blockquote class=\"wp-block-quote is-layout-flow wp-block-quote-is-layout-flow\"><p>Solicitudes de Informaci\u00f3n<\/p><cite>Universidad de San Carlos de Guatemala<\/cite><\/blockquote>\n\n\n\n<div class=\"wp-block-button\"><a class=\"wp-block-button__link has-background\" href=\"https:\/\/cip.usac.edu.gt\/wp-content\/uploads\/2019\/03\/Fotografias-Actividad-CIPMynorGO.pdf\" style=\"background-color:#2c7cf2\" target=\"_blank\" rel=\"noreferrer noopener\">Descargar Documento<\/a><\/div>\n\n\n\n<hr class=\"wp-block-separator\"\/>\n\n\n\n<blockquote class=\"wp-block-quote is-layout-flow wp-block-quote-is-layout-flow\"><p>Nociones Generales de la Ley de Acceso a la Informaci\u00f3n P\u00fablica<\/p><cite>Dirigido a la Red de Enlaces de la Coordinadora de Informaci\u00f3n P\u00fablica<\/cite><\/blockquote>\n\n\n\n<div class=\"wp-block-button\"><a class=\"wp-block-button__link has-background\" href=\"https:\/\/cip.usac.edu.gt\/wp-content\/uploads\/2019\/03\/Fotografias-08-de-agosto.pdf\" style=\"background-color:#2c7cf2\" target=\"_blank\" rel=\"noreferrer noopener\">Descargar Documento<\/a><\/div>\n\n\n\n<hr class=\"wp-block-separator\"\/>\n\n\n\n<blockquote class=\"wp-block-quote is-layout-flow wp-block-quote-is-layout-flow\"><p>Acceso a los Datos Personales y Protecci\u00f3n de Datos Sensibles<\/p><cite>Dirigido a la Red de Enlaces de la Coordinadora de Informaci\u00f3n P\u00fablica<\/cite><\/blockquote>\n\n\n\n<div class=\"wp-block-button\"><a class=\"wp-block-button__link has-background\" href=\"https:\/\/cip.usac.edu.gt\/wp-content\/uploads\/2019\/03\/Fotografias-26-de-septiembre-2014.pdf\" style=\"background-color:#2c7cf2\" target=\"_blank\" rel=\"noreferrer noopener\">Descargar Documento<\/a><\/div>\n\n\n\n<hr class=\"wp-block-separator\"\/>\n\n\n\n<blockquote class=\"wp-block-quote is-layout-flow wp-block-quote-is-layout-flow\"><p>Aspectos Generales de la Ley de Contrataciones del Estado, y uso del Sistema Guatecompras<\/p><cite>Universidad de San Carlos de Guatemala<\/cite><\/blockquote>\n\n\n\n<div class=\"wp-block-button\"><a class=\"wp-block-button__link has-background\" href=\"https:\/\/cip.usac.edu.gt\/wp-content\/uploads\/2019\/03\/Fotografias-Guatecompras.pdf\" style=\"background-color:#2c7cf2\" target=\"_blank\" rel=\"noreferrer noopener\">Descargar Documento<\/a><\/div>\n\n\n\n<hr class=\"wp-block-separator\"\/>\n\n\n\n<blockquote class=\"wp-block-quote is-layout-flow wp-block-quote-is-layout-flow\"><p>Escenario Pol\u00edtico y Transparencia en los Comicios 2015<\/p><cite>Universidad de San Carlos de Guatemala<\/cite><\/blockquote>\n\n\n\n<div class=\"wp-block-button\"><a class=\"wp-block-button__link has-background\" href=\"https:\/\/cip.usac.edu.gt\/wp-content\/uploads\/2019\/03\/Fotografias-03082015.pdf\" style=\"background-color:#2c7cf2\" target=\"_blank\" rel=\"noreferrer noopener\">Descargar Documento<\/a><\/div>\n\n\n\n<hr class=\"wp-block-separator\"\/>\n\n\n\n<blockquote class=\"wp-block-quote is-layout-flow wp-block-quote-is-layout-flow\"><p>Construcci\u00f3n de la Pol\u00edtica de Transparencia<\/p><cite>Universidad de San Carlos de Guatemala<\/cite><\/blockquote>\n\n\n\n<div class=\"wp-block-button\"><a class=\"wp-block-button__link has-background\" href=\"https:\/\/cip.usac.edu.gt\/wp-content\/uploads\/2019\/03\/Fotos-Construccion-de-la-Politica-de-Transparencia.pdf\" style=\"background-color:#2c7cf2\" target=\"_blank\" rel=\"noreferrer noopener\">Descargar Documento<\/a><\/div>\n\n\n\n<p><\/p>\n","protected":false},"excerpt":{"rendered":"<p>CAPACITACION 2022 Universidad de San Carlos de Guatemala El Trabajo en Equipo Consolida la Transparencia Universidad de San Carlos de Guatemala Solicitudes de Informaci\u00f3n Universidad de San Carlos de Guatemala Nociones Generales de la Ley de Acceso a la Informaci\u00f3n P\u00fablica Dirigido a la Red de Enlaces de la Coordinadora de Informaci\u00f3n P\u00fablica Acceso a [&hellip;]<\/p>\n","protected":false},"author":1,"featured_media":0,"parent":0,"menu_order":0,"comment_status":"closed","ping_status":"closed","template":"","meta":{"footnotes":""},"class_list":["post-37","page","type-page","status-publish","czr-hentry"],"_links":{"self":[{"href":"https:\/\/cip.usac.edu.gt\/index.php\/wp-json\/wp\/v2\/pages\/37","targetHints":{"allow":["GET"]}}],"collection":[{"href":"https:\/\/cip.usac.edu.gt\/index.php\/wp-json\/wp\/v2\/pages"}],"about":[{"href":"https:\/\/cip.usac.edu.gt\/index.php\/wp-json\/wp\/v2\/types\/page"}],"author":[{"embeddable":true,"href":"https:\/\/cip.usac.edu.gt\/index.php\/wp-json\/wp\/v2\/users\/1"}],"replies":[{"embeddable":true,"href":"https:\/\/cip.usac.edu.gt\/index.php\/wp-json\/wp\/v2\/comments?post=37"}],"version-history":[{"count":8,"href":"https:\/\/cip.usac.edu.gt\/index.php\/wp-json\/wp\/v2\/pages\/37\/revisions"}],"predecessor-version":[{"id":4433,"href":"https:\/\/cip.usac.edu.gt\/index.php\/wp-json\/wp\/v2\/pages\/37\/revisions\/4433"}],"wp:attachment":[{"href":"https:\/\/cip.usac.edu.gt\/index.php\/wp-json\/wp\/v2\/media?parent=37"}],"curies":[{"name":"wp","href":"https:\/\/api.w.org\/{rel}","templated":true}]}}