{"id":31,"date":"2019-03-25T18:09:44","date_gmt":"2019-03-25T18:09:44","guid":{"rendered":"http:\/\/c3.usac.edu.gt\/cip.usac.edu.gt\/public_html\/?page_id=31"},"modified":"2021-06-23T10:22:02","modified_gmt":"2021-06-23T10:22:02","slug":"manuales-y-leyes","status":"publish","type":"page","link":"https:\/\/cip.usac.edu.gt\/index.php\/manuales-y-leyes\/","title":{"rendered":"Leyes y Reglamentos"},"content":{"rendered":"\n<blockquote class=\"wp-block-quote is-layout-flow wp-block-quote-is-layout-flow\"><p><strong>Ley de Acceso a la Informaci\u00f3n P\u00fablica<\/strong><\/p><cite>DECRETO N\u00daMERO 57-2008<\/cite><\/blockquote>\n\n\n\n<div class=\"wp-block-button\"><a class=\"wp-block-button__link has-background no-border-radius\" href=\"https:\/\/cip.usac.edu.gt\/wp-content\/uploads\/2019\/03\/ley-de-acceso-a-la-informacion-publica.pdf\" style=\"background-color:#2c7cf2\" target=\"_blank\" rel=\"noreferrer noopener\">Descargar Documento<\/a><\/div>\n\n\n\n<hr class=\"wp-block-separator is-style-wide\"\/>\n\n\n\n<blockquote class=\"wp-block-quote is-layout-flow wp-block-quote-is-layout-flow\"><p><strong>Recopilaci\u00f3n de Leyes y Reglamentos<\/strong><\/p><cite>Universidad de San Carlos de Guatemala<\/cite><\/blockquote>\n\n\n\n<div class=\"wp-block-button\"><a class=\"wp-block-button__link has-background no-border-radius\" href=\"http:\/\/c3.usac.edu.gt\/cip.usac.edu.gt\/public_html\/wp-content\/uploads\/2020\/03\/LEYES-Y-REGLAMENTOS-FINAL.pdf\" style=\"background-color:#2c7cf2\">Descargar Documento<\/a><\/div>\n\n\n\n<p><\/p>\n","protected":false},"excerpt":{"rendered":"<p>Ley de Acceso a la Informaci\u00f3n P\u00fablica DECRETO N\u00daMERO 57-2008 Recopilaci\u00f3n de Leyes y Reglamentos Universidad de San Carlos de Guatemala<\/p>\n","protected":false},"author":1,"featured_media":0,"parent":0,"menu_order":0,"comment_status":"closed","ping_status":"closed","template":"","meta":{"footnotes":""},"class_list":["post-31","page","type-page","status-publish","czr-hentry"],"_links":{"self":[{"href":"https:\/\/cip.usac.edu.gt\/index.php\/wp-json\/wp\/v2\/pages\/31","targetHints":{"allow":["GET"]}}],"collection":[{"href":"https:\/\/cip.usac.edu.gt\/index.php\/wp-json\/wp\/v2\/pages"}],"about":[{"href":"https:\/\/cip.usac.edu.gt\/index.php\/wp-json\/wp\/v2\/types\/page"}],"author":[{"embeddable":true,"href":"https:\/\/cip.usac.edu.gt\/index.php\/wp-json\/wp\/v2\/users\/1"}],"replies":[{"embeddable":true,"href":"https:\/\/cip.usac.edu.gt\/index.php\/wp-json\/wp\/v2\/comments?post=31"}],"version-history":[{"count":6,"href":"https:\/\/cip.usac.edu.gt\/index.php\/wp-json\/wp\/v2\/pages\/31\/revisions"}],"predecessor-version":[{"id":2798,"href":"https:\/\/cip.usac.edu.gt\/index.php\/wp-json\/wp\/v2\/pages\/31\/revisions\/2798"}],"wp:attachment":[{"href":"https:\/\/cip.usac.edu.gt\/index.php\/wp-json\/wp\/v2\/media?parent=31"}],"curies":[{"name":"wp","href":"https:\/\/api.w.org\/{rel}","templated":true}]}}