{"id":292,"date":"2020-01-23T17:02:15","date_gmt":"2020-01-23T17:02:15","guid":{"rendered":"http:\/\/c3.usac.edu.gt\/cip.usac.edu.gt\/public_html\/?page_id=292"},"modified":"2025-01-29T15:49:37","modified_gmt":"2025-01-29T15:49:37","slug":"6-manuales-y-procedimientos","status":"publish","type":"page","link":"https:\/\/cip.usac.edu.gt\/index.php\/6-manuales-y-procedimientos\/","title":{"rendered":"6. Manuales de procedimientos, tanto administrativos como operativos."},"content":{"rendered":"\n<div class=\"wp-block-group\"><div class=\"wp-block-group__inner-container is-layout-flow wp-block-group-is-layout-flow\">\n<div class=\"wp-block-group\"><div class=\"wp-block-group__inner-container is-layout-flow wp-block-group-is-layout-flow\">\n<h3 class=\"wp-block-heading\" id=\"manuales-de-procedimientos\">Manuales de Procedimientos<\/h3>\n\n\n\n<p>En este espacio puede descargar los Manuales de Normas y Procedimientos de las Unidades Acad\u00e9micas y Administrativas de la USAC, en el sitio de la Divisi\u00f3n de Desarrollo Organizacional.<\/p>\n\n\n\n<div class=\"wp-block-columns is-layout-flex wp-container-core-columns-is-layout-9d6595d7 wp-block-columns-is-layout-flex\">\n<div class=\"wp-block-column is-layout-flow wp-block-column-is-layout-flow\">\n<div class=\"wp-block-buttons is-layout-flex wp-block-buttons-is-layout-flex\">\n<div class=\"wp-block-button\"><a class=\"wp-block-button__link has-white-color has-text-color has-background has-link-color wp-element-button\" href=\"https:\/\/ddo.usac.edu.gt\/index.php\/administracion-central\/\" style=\"background-color:#1e3475\">Administraci\u00f3n Central <\/a><\/div>\n<\/div>\n<\/div>\n\n\n\n<div class=\"wp-block-column is-layout-flow wp-block-column-is-layout-flow\">\n<div class=\"wp-block-buttons is-layout-flex wp-block-buttons-is-layout-flex\">\n<div class=\"wp-block-button\"><a class=\"wp-block-button__link has-white-color has-text-color has-background has-link-color wp-element-button\" href=\"https:\/\/ddo.usac.edu.gt\/index.php\/direcciones-generales-2\/\" style=\"background-color:#1e3475\">Direcciones Generales <\/a><\/div>\n<\/div>\n<\/div>\n\n\n\n<div class=\"wp-block-column is-layout-flow wp-block-column-is-layout-flow\">\n<div class=\"wp-block-buttons is-layout-flex wp-block-buttons-is-layout-flex\">\n<div class=\"wp-block-button\"><a class=\"wp-block-button__link has-white-color has-text-color has-background has-link-color wp-element-button\" href=\"https:\/\/ddo.usac.edu.gt\/index.php\/facultades\/\" style=\"background-color:#1e3475\">Facultades <\/a><\/div>\n<\/div>\n<\/div>\n<\/div>\n\n\n\n<div class=\"wp-block-columns is-layout-flex wp-container-core-columns-is-layout-9d6595d7 wp-block-columns-is-layout-flex\">\n<div class=\"wp-block-column is-layout-flow wp-block-column-is-layout-flow\">\n<div class=\"wp-block-buttons is-layout-flex wp-block-buttons-is-layout-flex\">\n<div class=\"wp-block-button\"><a class=\"wp-block-button__link has-white-color has-text-color has-background has-link-color wp-element-button\" href=\"https:\/\/ddo.usac.edu.gt\/index.php\/escuelas-no-facultativas\/\" style=\"background-color:#1e3475\">Escuelas no Facultativas <\/a><\/div>\n<\/div>\n<\/div>\n\n\n\n<div class=\"wp-block-column is-layout-flow wp-block-column-is-layout-flow\">\n<div class=\"wp-block-buttons is-layout-flex wp-block-buttons-is-layout-flex\">\n<div class=\"wp-block-button\"><a class=\"wp-block-button__link has-white-color has-text-color has-background has-link-color wp-element-button\" href=\"https:\/\/ddo.usac.edu.gt\/index.php\/centros-universitarios\/\" style=\"background-color:#1e3475\">Centros Universitarios <\/a><\/div>\n<\/div>\n<\/div>\n\n\n\n<div class=\"wp-block-column is-layout-flow wp-block-column-is-layout-flow\">\n<div class=\"wp-block-buttons is-layout-flex wp-block-buttons-is-layout-flex\">\n<div class=\"wp-block-button\"><a class=\"wp-block-button__link has-white-color has-text-color has-background has-link-color wp-element-button\" href=\"https:\/\/ddo.usac.edu.gt\/index.php\/institutos\/\" style=\"background-color:#1e3475\">Institutos <\/a><\/div>\n<\/div>\n<\/div>\n<\/div>\n<\/div><\/div>\n<\/div><\/div>\n\n\n\n<div style=\"height:100px\" aria-hidden=\"true\" class=\"wp-block-spacer\"><\/div>\n\n\n\n<figure class=\"wp-block-image size-large\"><img loading=\"lazy\" decoding=\"async\" width=\"1024\" height=\"293\" src=\"https:\/\/cip.usac.edu.gt\/wp-content\/uploads\/2021\/06\/leyendomanuales-1024x293.png\" alt=\"\" class=\"wp-image-2886\" srcset=\"https:\/\/cip.usac.edu.gt\/wp-content\/uploads\/2021\/06\/leyendomanuales-1024x293.png 1024w, https:\/\/cip.usac.edu.gt\/wp-content\/uploads\/2021\/06\/leyendomanuales-300x86.png 300w, https:\/\/cip.usac.edu.gt\/wp-content\/uploads\/2021\/06\/leyendomanuales-768x220.png 768w, https:\/\/cip.usac.edu.gt\/wp-content\/uploads\/2021\/06\/leyendomanuales-1536x440.png 1536w, https:\/\/cip.usac.edu.gt\/wp-content\/uploads\/2021\/06\/leyendomanuales.png 2000w\" sizes=\"auto, (max-width: 1024px) 100vw, 1024px\" \/><\/figure>\n\n\n\n<hr class=\"wp-block-separator has-css-opacity\"\/>\n\n\n\n<h3 class=\"wp-block-heading\" id=\"manuales-operativos\">Manuales, Gu\u00edas, Modelos y Leyes  del Sistema Integrado de Informaci\u00f3n Financiera <\/h3>\n\n\n\n<p>En este espacio puede descargar los Manuales, Gu\u00edas, Modelos, Reglamentos y Leyes del Sistema Integrado de Informaci\u00f3n Financiera -SIIF- en sus m\u00f3dulos de compras, salarios e ingresos. <\/p>\n\n\n\n<div class=\"wp-block-button\"><a class=\"wp-block-button__link has-background wp-element-button\" href=\"https:\/\/manuales.usac.edu.gt\/\" style=\"background-color:#1e3475\" target=\"_blank\" rel=\"noreferrer noopener\">Ver sitio de Manuales <\/a><\/div>\n\n\n\n<div style=\"height:100px\" aria-hidden=\"true\" class=\"wp-block-spacer\"><\/div>\n\n\n\n<hr class=\"wp-block-separator has-text-color has-vivid-cyan-blue-color has-css-opacity has-vivid-cyan-blue-background-color has-background alignfull is-style-wide\"\/>\n","protected":false},"excerpt":{"rendered":"<p>Manuales de Procedimientos En este espacio puede descargar los Manuales de Normas y Procedimientos de las Unidades Acad\u00e9micas y Administrativas de la USAC, en el sitio de la Divisi\u00f3n de Desarrollo Organizacional. Manuales, Gu\u00edas, Modelos y Leyes del Sistema Integrado de Informaci\u00f3n Financiera En este espacio puede descargar los Manuales, Gu\u00edas, Modelos, Reglamentos y Leyes [&hellip;]<\/p>\n","protected":false},"author":5,"featured_media":0,"parent":0,"menu_order":0,"comment_status":"closed","ping_status":"closed","template":"","meta":{"footnotes":""},"class_list":["post-292","page","type-page","status-publish","czr-hentry"],"_links":{"self":[{"href":"https:\/\/cip.usac.edu.gt\/index.php\/wp-json\/wp\/v2\/pages\/292","targetHints":{"allow":["GET"]}}],"collection":[{"href":"https:\/\/cip.usac.edu.gt\/index.php\/wp-json\/wp\/v2\/pages"}],"about":[{"href":"https:\/\/cip.usac.edu.gt\/index.php\/wp-json\/wp\/v2\/types\/page"}],"author":[{"embeddable":true,"href":"https:\/\/cip.usac.edu.gt\/index.php\/wp-json\/wp\/v2\/users\/5"}],"replies":[{"embeddable":true,"href":"https:\/\/cip.usac.edu.gt\/index.php\/wp-json\/wp\/v2\/comments?post=292"}],"version-history":[{"count":30,"href":"https:\/\/cip.usac.edu.gt\/index.php\/wp-json\/wp\/v2\/pages\/292\/revisions"}],"predecessor-version":[{"id":6186,"href":"https:\/\/cip.usac.edu.gt\/index.php\/wp-json\/wp\/v2\/pages\/292\/revisions\/6186"}],"wp:attachment":[{"href":"https:\/\/cip.usac.edu.gt\/index.php\/wp-json\/wp\/v2\/media?parent=292"}],"curies":[{"name":"wp","href":"https:\/\/api.w.org\/{rel}","templated":true}]}}