{"id":25,"date":"2019-03-25T16:31:04","date_gmt":"2019-03-25T16:31:04","guid":{"rendered":"http:\/\/c3.usac.edu.gt\/cip.usac.edu.gt\/public_html\/?page_id=25"},"modified":"2021-06-16T06:29:35","modified_gmt":"2021-06-16T06:29:35","slug":"inicio","status":"publish","type":"page","link":"https:\/\/cip.usac.edu.gt\/","title":{"rendered":"Inicio"},"content":{"rendered":"\n<hr class=\"wp-block-separator is-style-wide\"\/>\n\n\n\n<h2 class=\"has-text-align-center wp-block-heading\">PASOS PARA SOLICITUD DE INFORMACI\u00d3N P\u00daBLICA<\/h2>\n\n\n\n<hr class=\"wp-block-separator is-style-wide\"\/>\n\n\n\n<div class=\"wp-block-columns alignwide are-vertically-aligned-center has-text-color is-layout-flex wp-container-core-columns-is-layout-9d6595d7 wp-block-columns-is-layout-flex\" style=\"color:#013177\">\n<div class=\"wp-block-column is-vertically-aligned-center is-layout-flow wp-block-column-is-layout-flow\">\n<div class=\"wp-block-image\"><figure class=\"aligncenter size-large is-resized\"><img loading=\"lazy\" decoding=\"async\" src=\"https:\/\/cip.usac.edu.gt\/wp-content\/uploads\/2021\/06\/PASOSCIPpaso1.png\" alt=\"\" class=\"wp-image-2400\" width=\"250\" height=\"210\" srcset=\"https:\/\/cip.usac.edu.gt\/wp-content\/uploads\/2021\/06\/PASOSCIPpaso1.png 500w, https:\/\/cip.usac.edu.gt\/wp-content\/uploads\/2021\/06\/PASOSCIPpaso1-300x252.png 300w\" sizes=\"auto, (max-width: 250px) 100vw, 250px\" \/><\/figure><\/div>\n\n\n\n<h4 class=\"has-text-align-center wp-block-heading\">IDENTIFICA ENTIDAD<\/h4>\n<\/div>\n\n\n\n<div class=\"wp-block-column is-vertically-aligned-center is-layout-flow wp-block-column-is-layout-flow\">\n<div class=\"wp-block-image\"><figure class=\"aligncenter size-large is-resized\"><img loading=\"lazy\" decoding=\"async\" src=\"https:\/\/cip.usac.edu.gt\/wp-content\/uploads\/2021\/06\/PASOSCIPpaso2.png\" alt=\"\" class=\"wp-image-2401\" width=\"250\" height=\"210\" srcset=\"https:\/\/cip.usac.edu.gt\/wp-content\/uploads\/2021\/06\/PASOSCIPpaso2.png 500w, https:\/\/cip.usac.edu.gt\/wp-content\/uploads\/2021\/06\/PASOSCIPpaso2-300x252.png 300w\" sizes=\"auto, (max-width: 250px) 100vw, 250px\" \/><\/figure><\/div>\n\n\n\n<h4 class=\"has-text-align-center wp-block-heading\">TIPOS DE SOLICITUD<\/h4>\n<\/div>\n\n\n\n<div class=\"wp-block-column is-vertically-aligned-center is-layout-flow wp-block-column-is-layout-flow\">\n<div class=\"wp-block-image\"><figure class=\"aligncenter size-large is-resized\"><img loading=\"lazy\" decoding=\"async\" src=\"https:\/\/cip.usac.edu.gt\/wp-content\/uploads\/2021\/06\/PASOSCIPpaso3.png\" alt=\"\" class=\"wp-image-2402\" width=\"250\" height=\"210\" srcset=\"https:\/\/cip.usac.edu.gt\/wp-content\/uploads\/2021\/06\/PASOSCIPpaso3.png 500w, https:\/\/cip.usac.edu.gt\/wp-content\/uploads\/2021\/06\/PASOSCIPpaso3-300x252.png 300w\" sizes=\"auto, (max-width: 250px) 100vw, 250px\" \/><\/figure><\/div>\n\n\n\n<h4 class=\"has-text-align-center wp-block-heading\">INGRESAR AL FORMULARIO<\/h4>\n<\/div>\n\n\n\n<div class=\"wp-block-column is-vertically-aligned-center is-layout-flow wp-block-column-is-layout-flow\">\n<div class=\"wp-block-image\"><figure class=\"aligncenter size-large is-resized\"><img loading=\"lazy\" decoding=\"async\" src=\"https:\/\/cip.usac.edu.gt\/wp-content\/uploads\/2021\/06\/PASOSCIPpaso4.png\" alt=\"\" class=\"wp-image-2403\" width=\"250\" height=\"210\" srcset=\"https:\/\/cip.usac.edu.gt\/wp-content\/uploads\/2021\/06\/PASOSCIPpaso4.png 500w, https:\/\/cip.usac.edu.gt\/wp-content\/uploads\/2021\/06\/PASOSCIPpaso4-300x252.png 300w\" sizes=\"auto, (max-width: 250px) 100vw, 250px\" \/><\/figure><\/div>\n\n\n\n<h4 class=\"has-text-align-center wp-block-heading\">PLAZO<\/h4>\n<\/div>\n\n\n\n<div class=\"wp-block-column is-vertically-aligned-center is-layout-flow wp-block-column-is-layout-flow\">\n<div class=\"wp-block-image\"><figure class=\"aligncenter size-large is-resized\"><img loading=\"lazy\" decoding=\"async\" src=\"https:\/\/cip.usac.edu.gt\/wp-content\/uploads\/2021\/06\/PASOSCIPpaso5.png\" alt=\"\" class=\"wp-image-2404\" width=\"250\" height=\"210\" srcset=\"https:\/\/cip.usac.edu.gt\/wp-content\/uploads\/2021\/06\/PASOSCIPpaso5.png 500w, https:\/\/cip.usac.edu.gt\/wp-content\/uploads\/2021\/06\/PASOSCIPpaso5-300x252.png 300w\" sizes=\"auto, (max-width: 250px) 100vw, 250px\" \/><\/figure><\/div>\n\n\n\n<h4 class=\"has-text-align-center wp-block-heading\">RECURSO DE REVISI\u00d3N<\/h4>\n<\/div>\n<\/div>\n\n\n\n<p><\/p>\n","protected":false},"excerpt":{"rendered":"<p>PASOS PARA SOLICITUD DE INFORMACI\u00d3N P\u00daBLICA IDENTIFICA ENTIDAD TIPOS DE SOLICITUD INGRESAR AL FORMULARIO PLAZO RECURSO DE REVISI\u00d3N<\/p>\n","protected":false},"author":1,"featured_media":0,"parent":0,"menu_order":0,"comment_status":"closed","ping_status":"closed","template":"","meta":{"footnotes":""},"class_list":["post-25","page","type-page","status-publish","czr-hentry"],"_links":{"self":[{"href":"https:\/\/cip.usac.edu.gt\/index.php\/wp-json\/wp\/v2\/pages\/25","targetHints":{"allow":["GET"]}}],"collection":[{"href":"https:\/\/cip.usac.edu.gt\/index.php\/wp-json\/wp\/v2\/pages"}],"about":[{"href":"https:\/\/cip.usac.edu.gt\/index.php\/wp-json\/wp\/v2\/types\/page"}],"author":[{"embeddable":true,"href":"https:\/\/cip.usac.edu.gt\/index.php\/wp-json\/wp\/v2\/users\/1"}],"replies":[{"embeddable":true,"href":"https:\/\/cip.usac.edu.gt\/index.php\/wp-json\/wp\/v2\/comments?post=25"}],"version-history":[{"count":12,"href":"https:\/\/cip.usac.edu.gt\/index.php\/wp-json\/wp\/v2\/pages\/25\/revisions"}],"predecessor-version":[{"id":2415,"href":"https:\/\/cip.usac.edu.gt\/index.php\/wp-json\/wp\/v2\/pages\/25\/revisions\/2415"}],"wp:attachment":[{"href":"https:\/\/cip.usac.edu.gt\/index.php\/wp-json\/wp\/v2\/media?parent=25"}],"curies":[{"name":"wp","href":"https:\/\/api.w.org\/{rel}","templated":true}]}}