{"id":2426,"date":"2021-06-16T07:16:33","date_gmt":"2021-06-16T07:16:33","guid":{"rendered":"https:\/\/cip.usac.edu.gt\/?page_id=2426"},"modified":"2023-11-15T17:05:28","modified_gmt":"2023-11-15T17:05:28","slug":"pasos-para-solicitar-informacion","status":"publish","type":"page","link":"https:\/\/cip.usac.edu.gt\/index.php\/pasos-para-solicitar-informacion\/","title":{"rendered":"Pasos para Solicitar Informaci\u00f3n"},"content":{"rendered":"\n<h2 class=\"has-text-align-left wp-block-heading\" id=\"tipos-de-solicitud\"><img loading=\"lazy\" decoding=\"async\" width=\"150\" height=\"126\" class=\"wp-image-2400\" style=\"width: 150px;\" src=\"https:\/\/cip.usac.edu.gt\/wp-content\/uploads\/2021\/06\/PASOSCIPpaso1.png\" alt=\"\" srcset=\"https:\/\/cip.usac.edu.gt\/wp-content\/uploads\/2021\/06\/PASOSCIPpaso1.png 500w, https:\/\/cip.usac.edu.gt\/wp-content\/uploads\/2021\/06\/PASOSCIPpaso1-300x252.png 300w\" sizes=\"auto, (max-width: 150px) 100vw, 150px\" \/>TIPOS DE SOLICITUD<\/h2>\n\n\n\n<p>Definir el tipo de solicitud, verbal, escrita o v\u00eda correo electr\u00f3nico.<\/p>\n\n\n\n<hr class=\"wp-block-separator has-css-opacity is-style-wide\"\/>\n\n\n\n<h2 class=\"wp-block-heading\" id=\"identifica-entidad-1\"><img loading=\"lazy\" decoding=\"async\" width=\"150\" height=\"126\" class=\"wp-image-2401\" style=\"width: 150px;\" src=\"https:\/\/cip.usac.edu.gt\/wp-content\/uploads\/2021\/06\/PASOSCIPpaso2.png\" alt=\"\" srcset=\"https:\/\/cip.usac.edu.gt\/wp-content\/uploads\/2021\/06\/PASOSCIPpaso2.png 500w, https:\/\/cip.usac.edu.gt\/wp-content\/uploads\/2021\/06\/PASOSCIPpaso2-300x252.png 300w\" sizes=\"auto, (max-width: 150px) 100vw, 150px\" \/>IDENTIFICA ENTIDAD<\/h2>\n\n\n\n<p>Identificar la entidad a la cual debe dirigir la solicitud. <\/p>\n\n\n\n<h2 class=\"wp-block-heading\" id=\"ingresar-al-formulario\"><img loading=\"lazy\" decoding=\"async\" width=\"150\" height=\"126\" class=\"wp-image-2402\" style=\"width: 150px;\" src=\"https:\/\/cip.usac.edu.gt\/wp-content\/uploads\/2021\/06\/PASOSCIPpaso3.png\" alt=\"\" srcset=\"https:\/\/cip.usac.edu.gt\/wp-content\/uploads\/2021\/06\/PASOSCIPpaso3.png 500w, https:\/\/cip.usac.edu.gt\/wp-content\/uploads\/2021\/06\/PASOSCIPpaso3-300x252.png 300w\" sizes=\"auto, (max-width: 150px) 100vw, 150px\" \/>INGRESAR AL FORMULARIO<\/h2>\n\n\n\n<p>En nuestro sitio web puedes ingresar al FORMULARIO DE SOLICITUD DE INFORMACI\u00d3N y describe de forma clara y concisa la informaci\u00f3n a solicitar.<\/p>\n\n\n\n<div class=\"wp-block-buttons is-layout-flex wp-block-buttons-is-layout-flex\">\n<div class=\"wp-block-button\"><a class=\"wp-block-button__link has-background wp-element-button\" href=\"https:\/\/cip.usac.edu.gt\/index.php\/formulariocip\/\" style=\"background-color:#2c7cf2\">Click para Ingresar al Formulario<\/a><\/div>\n<\/div>\n\n\n\n<hr class=\"wp-block-separator has-css-opacity is-style-wide\"\/>\n\n\n\n<h2 class=\"wp-block-heading\" id=\"plazo\"><img loading=\"lazy\" decoding=\"async\" width=\"150\" height=\"126\" class=\"wp-image-2403\" style=\"width: 150px;\" src=\"https:\/\/cip.usac.edu.gt\/wp-content\/uploads\/2021\/06\/PASOSCIPpaso4.png\" alt=\"\" srcset=\"https:\/\/cip.usac.edu.gt\/wp-content\/uploads\/2021\/06\/PASOSCIPpaso4.png 500w, https:\/\/cip.usac.edu.gt\/wp-content\/uploads\/2021\/06\/PASOSCIPpaso4-300x252.png 300w\" sizes=\"auto, (max-width: 150px) 100vw, 150px\" \/>PLAZO<\/h2>\n\n\n\n<p>El plazo para respuesta por parte de CIP son 10 d\u00edas h\u00e1biles.<\/p>\n\n\n\n<hr class=\"wp-block-separator has-css-opacity is-style-wide\"\/>\n\n\n\n<h2 class=\"wp-block-heading\" id=\"recurso-de-revision\"><img loading=\"lazy\" decoding=\"async\" width=\"150\" height=\"126\" class=\"wp-image-2404\" style=\"width: 150px;\" src=\"https:\/\/cip.usac.edu.gt\/wp-content\/uploads\/2021\/06\/PASOSCIPpaso5.png\" alt=\"\" srcset=\"https:\/\/cip.usac.edu.gt\/wp-content\/uploads\/2021\/06\/PASOSCIPpaso5.png 500w, https:\/\/cip.usac.edu.gt\/wp-content\/uploads\/2021\/06\/PASOSCIPpaso5-300x252.png 300w\" sizes=\"auto, (max-width: 150px) 100vw, 150px\" \/>RECURSO DE REVISI\u00d3N<\/h2>\n\n\n\n<p>Si el solicitante no est\u00e1 de acuerdo con la informaci\u00f3n entregada, puede interponer un recurso de revisi\u00f3n ante la m\u00e1xima autoridad administrativa dentro de los 15 d\u00edas h\u00e1biles siguientes tras haber recibido la informaci\u00f3n.<\/p>\n\n\n\n<div style=\"height:115px\" aria-hidden=\"true\" class=\"wp-block-spacer\"><\/div>\n\n\n\n<h4 class=\"alignfull has-text-align-center has-white-color has-text-color has-background wp-block-heading\" style=\"background-color:#2c7cf2\"><\/h4>\n","protected":false},"excerpt":{"rendered":"<p>TIPOS DE SOLICITUD Definir el tipo de solicitud, verbal, escrita o v\u00eda correo electr\u00f3nico. IDENTIFICA ENTIDAD Identificar la entidad a la cual debe dirigir la solicitud. INGRESAR AL FORMULARIO En nuestro sitio web puedes ingresar al FORMULARIO DE SOLICITUD DE INFORMACI\u00d3N y describe de forma clara y concisa la informaci\u00f3n a solicitar. PLAZO El plazo [&hellip;]<\/p>\n","protected":false},"author":1,"featured_media":2518,"parent":0,"menu_order":0,"comment_status":"closed","ping_status":"closed","template":"","meta":{"footnotes":""},"class_list":["post-2426","page","type-page","status-publish","has-post-thumbnail","czr-hentry"],"_links":{"self":[{"href":"https:\/\/cip.usac.edu.gt\/index.php\/wp-json\/wp\/v2\/pages\/2426","targetHints":{"allow":["GET"]}}],"collection":[{"href":"https:\/\/cip.usac.edu.gt\/index.php\/wp-json\/wp\/v2\/pages"}],"about":[{"href":"https:\/\/cip.usac.edu.gt\/index.php\/wp-json\/wp\/v2\/types\/page"}],"author":[{"embeddable":true,"href":"https:\/\/cip.usac.edu.gt\/index.php\/wp-json\/wp\/v2\/users\/1"}],"replies":[{"embeddable":true,"href":"https:\/\/cip.usac.edu.gt\/index.php\/wp-json\/wp\/v2\/comments?post=2426"}],"version-history":[{"count":9,"href":"https:\/\/cip.usac.edu.gt\/index.php\/wp-json\/wp\/v2\/pages\/2426\/revisions"}],"predecessor-version":[{"id":5332,"href":"https:\/\/cip.usac.edu.gt\/index.php\/wp-json\/wp\/v2\/pages\/2426\/revisions\/5332"}],"wp:featuredmedia":[{"embeddable":true,"href":"https:\/\/cip.usac.edu.gt\/index.php\/wp-json\/wp\/v2\/media\/2518"}],"wp:attachment":[{"href":"https:\/\/cip.usac.edu.gt\/index.php\/wp-json\/wp\/v2\/media?parent=2426"}],"curies":[{"name":"wp","href":"https:\/\/api.w.org\/{rel}","templated":true}]}}