{"id":214,"date":"2019-07-04T14:22:44","date_gmt":"2019-07-04T14:22:44","guid":{"rendered":"http:\/\/c3.usac.edu.gt\/cip.usac.edu.gt\/public_html\/?page_id=214"},"modified":"2026-02-16T14:27:38","modified_gmt":"2026-02-16T14:27:38","slug":"mision-objetivos-y-poas","status":"publish","type":"page","link":"https:\/\/cip.usac.edu.gt\/index.php\/mision-objetivos-y-poas\/","title":{"rendered":"5. La misi\u00f3n y objetivos de la instituci\u00f3n, su plan operativo anual y los resultados obtenidos en el cumplimiento de los mismos."},"content":{"rendered":"\n<div class=\"wp-block-group\"><div class=\"wp-block-group__inner-container is-layout-flow wp-block-group-is-layout-flow\">\n<div class=\"wp-block-columns is-layout-flex wp-container-core-columns-is-layout-9d6595d7 wp-block-columns-is-layout-flex\">\n<div class=\"wp-block-column is-layout-flow wp-block-column-is-layout-flow\">\n<h2 class=\"wp-block-heading has-text-align-center\" id=\"mision\">Misi\u00f3n<\/h2>\n\n\n\n<p class=\"has-text-align-center\">En su car\u00e1cter de \u00fanica universidad estatal le corresponde con exclusividad dirigir, organizar y desarrollar la educaci\u00f3n superior del Estado y la educaci\u00f3n estatal, as\u00ed como la difusi\u00f3n de la cultura en todas sus manifestaciones. Promover\u00e1 por todos los medios a su alcance la investigaci\u00f3n en todas las esferas del saber humano y cooperar\u00e1 al estudio y soluci\u00f3n de los problemas nacionales Su fin fundamental es elevar el nivel espiritual de los habitantes de la Rep\u00fablica, conservando, promoviendo y difundiendo la cultura y el saber cient\u00edfico. Contribuir\u00e1 a la realizaci\u00f3n de la uni\u00f3n de Centro Am\u00e9rica y para tal fin procurar\u00e1 el intercambio de acad\u00e9micos, estudiantes y todo cuanto tienda a la vinculaci\u00f3n espiritual de los pueblos del istmo.<\/p>\n<\/div>\n\n\n\n<div class=\"wp-block-column is-layout-flow wp-block-column-is-layout-flow\">\n<h2 class=\"wp-block-heading has-text-align-center\" id=\"vision\">Visi\u00f3n<\/h2>\n\n\n\n<p class=\"has-text-align-center\">La Universidad de San Carlos de Guatemala es la instituci\u00f3n de educaci\u00f3n superior estatal, aut\u00f3noma, con una cultura democr\u00e1tica, con enfoque multi e intercultural, vinculada y comprometida con el desarrollo cient\u00edfico, social y humanista y ambiental, con una gesti\u00f3n actualizada, din\u00e1mica, efectiva y con recursos \u00f3ptimamente utilizados para alcanzar sus fines y objetivos, formadora de profesionales con principios \u00e9ticos y excelencia acad\u00e9mica. El gobierno de la Universidad de San Carlos de Guatemala es aut\u00f3nomo, democr\u00e1tico y representativo, su gesti\u00f3n es eficiente, eficaz y productiva, orientada al desarrollo y al cumplimiento de los principios, fines y objetivos institucionales, en beneficio dela sociedad guatemalteca.<\/p>\n<\/div>\n<\/div>\n<\/div><\/div>\n\n\n\n<hr class=\"wp-block-separator has-css-opacity is-style-wide\"\/>\n\n\n\n<div class=\"wp-block-group\"><div class=\"wp-block-group__inner-container is-layout-flow wp-block-group-is-layout-flow\">\n<h3 class=\"wp-block-heading\" id=\"fines-y-objetivos\">Fines y objetivos <\/h3>\n\n\n\n<p><strong>ART\u00cdCULO 2.<\/strong><br>Su fin fundamental es elevar el nivel espiritual de los habitantesde la Rep\u00fablica, conservando, promoviendo y difundiendo la cultura y el saber cient\u00edfico. Decreto N\u00famero 325 Ley Org\u00e1nica de la Universidad de San Carlos de Guatemala<\/p>\n\n\n\n<p><br><strong>ART\u00cdCULO 3 <\/strong><br>\u00a8Contribuir\u00e1 a la realizaci\u00f3n de la uni\u00f3n de Centro Am\u00e9rica, y para tal fin procurar\u00e1 el intercambio de maestros y estudiantes y todo cuanto tienda a la vinculaci\u00f3n espiritual de los pueblos del Istmo.  Decreto N\u00famero 325 Ley Org\u00e1nica de la Universidad de San Carlos de Guatemala<br><strong>ART\u00cdCULO 4<\/strong><br>Cuando lo estime conveniente, o sea requerida para ello, colaborar\u00e1 en el estudio de los problemas nacionales, sin perder por eso su car\u00e1cter de centro aut\u00f3nomo de investigaci\u00f3n y cultura.  Decreto N\u00famero 325 Ley Org\u00e1nica de la Universidad de San Carlos de Guatemala<\/p>\n\n\n\n<p><\/p>\n\n\n\n<hr class=\"wp-block-separator has-css-opacity is-style-wide\"\/>\n\n\n\n<p class=\"has-very-light-gray-background-color has-background has-large-font-size\"><strong> PLAN OPERATIVO ANUAL USAC<\/strong><\/p>\n\n\n\n<div class=\"wp-block-columns is-layout-flex wp-container-core-columns-is-layout-9d6595d7 wp-block-columns-is-layout-flex\">\n<div class=\"wp-block-column is-layout-flow wp-block-column-is-layout-flow\"><\/div>\n\n\n\n<div class=\"wp-block-column is-layout-flow wp-block-column-is-layout-flow\">\n<figure class=\"wp-block-image size-full\"><a href=\"https:\/\/cip.usac.edu.gt\/index.php\/poa-2026\/\"><img loading=\"lazy\" decoding=\"async\" width=\"173\" height=\"174\" src=\"https:\/\/cip.usac.edu.gt\/wp-content\/uploads\/2026\/02\/POA-2026-modificar.png\" alt=\"\" class=\"wp-image-6919\" srcset=\"https:\/\/cip.usac.edu.gt\/wp-content\/uploads\/2026\/02\/POA-2026-modificar.png 173w, https:\/\/cip.usac.edu.gt\/wp-content\/uploads\/2026\/02\/POA-2026-modificar-150x150.png 150w\" sizes=\"auto, (max-width: 173px) 100vw, 173px\" \/><\/a><\/figure>\n<\/div>\n\n\n\n<div class=\"wp-block-column is-layout-flow wp-block-column-is-layout-flow\"><div class=\"wp-block-image\">\n<figure class=\"aligncenter size-full is-resized\"><a href=\"https:\/\/cip.usac.edu.gt\/index.php\/poa-2025-2\/\"><img loading=\"lazy\" decoding=\"async\" width=\"173\" height=\"174\" src=\"https:\/\/cip.usac.edu.gt\/wp-content\/uploads\/2025\/01\/POA-2025.png\" alt=\"\" class=\"wp-image-6130\" style=\"width:173px;height:auto\" srcset=\"https:\/\/cip.usac.edu.gt\/wp-content\/uploads\/2025\/01\/POA-2025.png 173w, https:\/\/cip.usac.edu.gt\/wp-content\/uploads\/2025\/01\/POA-2025-150x150.png 150w\" sizes=\"auto, (max-width: 173px) 100vw, 173px\" \/><\/a><\/figure><\/div><\/div>\n<\/div>\n\n\n\n<div class=\"wp-block-columns is-layout-flex wp-container-core-columns-is-layout-9d6595d7 wp-block-columns-is-layout-flex\">\n<div class=\"wp-block-column is-layout-flow wp-block-column-is-layout-flow\">\n<figure class=\"wp-block-image size-full is-resized\"><a href=\"https:\/\/cip.usac.edu.gt\/index.php\/plan-operativo-anual-2024\/\"><img loading=\"lazy\" decoding=\"async\" width=\"173\" height=\"174\" src=\"https:\/\/cip.usac.edu.gt\/wp-content\/uploads\/2024\/03\/POA-2024-Subir.png\" alt=\"\" class=\"wp-image-5580\" style=\"width:195px;height:auto\" srcset=\"https:\/\/cip.usac.edu.gt\/wp-content\/uploads\/2024\/03\/POA-2024-Subir.png 173w, https:\/\/cip.usac.edu.gt\/wp-content\/uploads\/2024\/03\/POA-2024-Subir-150x150.png 150w\" sizes=\"auto, (max-width: 173px) 100vw, 173px\" \/><\/a><\/figure>\n<\/div>\n\n\n\n<div class=\"wp-block-column is-layout-flow wp-block-column-is-layout-flow\">\n<figure class=\"wp-block-image size-full is-resized\"><a href=\"https:\/\/cip.usac.edu.gt\/index.php\/plan-operativo-anual-2022-2\/\"><img loading=\"lazy\" decoding=\"async\" width=\"173\" height=\"174\" src=\"https:\/\/cip.usac.edu.gt\/wp-content\/uploads\/2023\/02\/POA-2023.png\" alt=\"\" class=\"wp-image-4776\" style=\"width:191px;height:auto\" srcset=\"https:\/\/cip.usac.edu.gt\/wp-content\/uploads\/2023\/02\/POA-2023.png 173w, https:\/\/cip.usac.edu.gt\/wp-content\/uploads\/2023\/02\/POA-2023-150x150.png 150w\" sizes=\"auto, (max-width: 173px) 100vw, 173px\" \/><\/a><\/figure>\n<\/div>\n\n\n\n<div class=\"wp-block-column is-layout-flow wp-block-column-is-layout-flow\"><div class=\"wp-block-image\">\n<figure class=\"aligncenter size-large is-resized\"><a href=\"https:\/\/cip.usac.edu.gt\/index.php\/plan-operativo-anual-2022\/\" target=\"_blank\" rel=\"noopener\"><img loading=\"lazy\" decoding=\"async\" width=\"173\" height=\"174\" src=\"https:\/\/cip.usac.edu.gt\/wp-content\/uploads\/2022\/01\/logocippage-poa-subir-2022.png\" alt=\"\" class=\"wp-image-3648\" style=\"width:173px;height:auto\"\/><\/a><\/figure><\/div><\/div>\n<\/div>\n\n\n\n<div class=\"wp-block-columns is-layout-flex wp-container-core-columns-is-layout-9d6595d7 wp-block-columns-is-layout-flex\">\n<div class=\"wp-block-column is-layout-flow wp-block-column-is-layout-flow\"><div class=\"wp-block-image\">\n<figure class=\"aligncenter size-large\"><a href=\"https:\/\/cip.usac.edu.gt\/index.php\/2021\/06\/23\/plan-operativo-anual-2021\/\" target=\"_blank\" rel=\"noopener\"><img loading=\"lazy\" decoding=\"async\" width=\"173\" height=\"174\" src=\"https:\/\/cip.usac.edu.gt\/wp-content\/uploads\/2021\/06\/calendarioPOA2021_0002_Capa-14.png\" alt=\"\" class=\"wp-image-2667\" srcset=\"https:\/\/cip.usac.edu.gt\/wp-content\/uploads\/2021\/06\/calendarioPOA2021_0002_Capa-14.png 173w, https:\/\/cip.usac.edu.gt\/wp-content\/uploads\/2021\/06\/calendarioPOA2021_0002_Capa-14-150x150.png 150w\" sizes=\"auto, (max-width: 173px) 100vw, 173px\" \/><\/a><\/figure><\/div><\/div>\n\n\n\n<div class=\"wp-block-column is-layout-flow wp-block-column-is-layout-flow\"><div class=\"wp-block-image\">\n<figure class=\"aligncenter size-large\"><a href=\"https:\/\/cip.usac.edu.gt\/index.php\/2021\/06\/23\/plan-operativo-anual-2020\/\" target=\"_blank\" rel=\"noopener\"><img loading=\"lazy\" decoding=\"async\" width=\"173\" height=\"174\" src=\"https:\/\/cip.usac.edu.gt\/wp-content\/uploads\/2021\/06\/calendarioPOA2021_0001_Capa-15.png\" alt=\"\" class=\"wp-image-2668\" srcset=\"https:\/\/cip.usac.edu.gt\/wp-content\/uploads\/2021\/06\/calendarioPOA2021_0001_Capa-15.png 173w, https:\/\/cip.usac.edu.gt\/wp-content\/uploads\/2021\/06\/calendarioPOA2021_0001_Capa-15-150x150.png 150w\" sizes=\"auto, (max-width: 173px) 100vw, 173px\" \/><\/a><\/figure><\/div><\/div>\n\n\n\n<div class=\"wp-block-column is-layout-flow wp-block-column-is-layout-flow\"><div class=\"wp-block-image\">\n<figure class=\"aligncenter size-large\"><a href=\"https:\/\/cip.usac.edu.gt\/index.php\/2021\/06\/23\/plan-operativo-anual-2019\/\" target=\"_blank\" rel=\"noopener\"><img loading=\"lazy\" decoding=\"async\" width=\"173\" height=\"174\" src=\"https:\/\/cip.usac.edu.gt\/wp-content\/uploads\/2021\/06\/calendarioPOA2021_0000_Capa-16.png\" alt=\"\" class=\"wp-image-2669\" srcset=\"https:\/\/cip.usac.edu.gt\/wp-content\/uploads\/2021\/06\/calendarioPOA2021_0000_Capa-16.png 173w, https:\/\/cip.usac.edu.gt\/wp-content\/uploads\/2021\/06\/calendarioPOA2021_0000_Capa-16-150x150.png 150w\" sizes=\"auto, (max-width: 173px) 100vw, 173px\" \/><\/a><\/figure><\/div><\/div>\n<\/div>\n\n\n\n<hr class=\"wp-block-separator has-css-opacity is-style-wide\"\/>\n<\/div><\/div>\n\n\n\n<hr class=\"wp-block-separator has-text-color has-vivid-cyan-blue-color has-css-opacity has-vivid-cyan-blue-background-color has-background alignfull is-style-wide\"\/>\n\n\n\n<p><\/p>\n","protected":false},"excerpt":{"rendered":"<p>Misi\u00f3n En su car\u00e1cter de \u00fanica universidad estatal le corresponde con exclusividad dirigir, organizar y desarrollar la educaci\u00f3n superior del Estado y la educaci\u00f3n estatal, as\u00ed como la difusi\u00f3n de la cultura en todas sus manifestaciones. Promover\u00e1 por todos los medios a su alcance la investigaci\u00f3n en todas las esferas del saber humano y cooperar\u00e1 [&hellip;]<\/p>\n","protected":false},"author":1,"featured_media":0,"parent":0,"menu_order":0,"comment_status":"closed","ping_status":"closed","template":"","meta":{"footnotes":""},"class_list":["post-214","page","type-page","status-publish","czr-hentry"],"_links":{"self":[{"href":"https:\/\/cip.usac.edu.gt\/index.php\/wp-json\/wp\/v2\/pages\/214","targetHints":{"allow":["GET"]}}],"collection":[{"href":"https:\/\/cip.usac.edu.gt\/index.php\/wp-json\/wp\/v2\/pages"}],"about":[{"href":"https:\/\/cip.usac.edu.gt\/index.php\/wp-json\/wp\/v2\/types\/page"}],"author":[{"embeddable":true,"href":"https:\/\/cip.usac.edu.gt\/index.php\/wp-json\/wp\/v2\/users\/1"}],"replies":[{"embeddable":true,"href":"https:\/\/cip.usac.edu.gt\/index.php\/wp-json\/wp\/v2\/comments?post=214"}],"version-history":[{"count":65,"href":"https:\/\/cip.usac.edu.gt\/index.php\/wp-json\/wp\/v2\/pages\/214\/revisions"}],"predecessor-version":[{"id":6924,"href":"https:\/\/cip.usac.edu.gt\/index.php\/wp-json\/wp\/v2\/pages\/214\/revisions\/6924"}],"wp:attachment":[{"href":"https:\/\/cip.usac.edu.gt\/index.php\/wp-json\/wp\/v2\/media?parent=214"}],"curies":[{"name":"wp","href":"https:\/\/api.w.org\/{rel}","templated":true}]}}