{"id":204,"date":"2019-06-12T14:01:01","date_gmt":"2019-06-12T14:01:01","guid":{"rendered":"http:\/\/c3.usac.edu.gt\/cip.usac.edu.gt\/public_html\/?page_id=204"},"modified":"2025-11-27T14:19:38","modified_gmt":"2025-11-27T14:19:38","slug":"directorio-de-empleados","status":"publish","type":"page","link":"https:\/\/cip.usac.edu.gt\/index.php\/directorio-de-empleados\/","title":{"rendered":"3. Directorio de Empleados y servidores p\u00fablicos, incluyendo n\u00fameros de tel\u00e9fono y direcciones de correo electr\u00f3nico oficiales no privados."},"content":{"rendered":"\n<div class=\"wp-block-columns has-background is-layout-flex wp-container-core-columns-is-layout-9d6595d7 wp-block-columns-is-layout-flex\" style=\"background-color:#eaeaea\">\n<div class=\"wp-block-column is-layout-flow wp-block-column-is-layout-flow\"><\/div>\n\n\n\n<div class=\"wp-block-column is-layout-flow wp-block-column-is-layout-flow\"><\/div>\n\n\n\n<div class=\"wp-block-column is-layout-flow wp-block-column-is-layout-flow\">\n<p class=\"has-text-align-right\"><\/p>\n<\/div>\n<\/div>\n\n\n\n<p>DIRECTORIO DE EMPLEADOS UNIVERSIDAD DE SAN CARLOS DE GUATEMALA<br>INFORMACI\u00d3N TOMADA DEL SISTEMA INTEGRADO DE INFORMACI\u00d3N FINANCIERA -SIIF- MODULO DE GESTI\u00d3N AUTOMATIZADA DE SALARIOS CON BASE EN LAS NOMINAS DE SALARIOS <\/p>\n\n\n\n<div class=\"wp-block-group\"><div class=\"wp-block-group__inner-container is-layout-constrained wp-block-group-is-layout-constrained\">\n<p>A\u00f1o 2025 (Segundo Semestre )<\/p>\n\n\n\n<div class=\"wp-block-button\"><a class=\"wp-block-button__link has-background wp-element-button\" href=\"https:\/\/cip.usac.edu.gt\/wp-content\/uploads\/2025\/11\/Req.-Directorio-Empleados.pdf\" style=\"background-color:#1e3475\">Descargar Directorio en PDF<\/a><\/div>\n<\/div><\/div>\n\n\n\n<div class=\"wp-block-group\"><div class=\"wp-block-group__inner-container is-layout-constrained wp-block-group-is-layout-constrained\">\n<p>A\u00f1o 2025 (Primer semestre )<\/p>\n\n\n\n<div class=\"wp-block-button\"><a class=\"wp-block-button__link has-background wp-element-button\" href=\"https:\/\/cip.usac.edu.gt\/wp-content\/uploads\/2025\/07\/Req.-Directorio-Empleados.pdf\" style=\"background-color:#1e3475\">Descargar Directorio en PDF<\/a><\/div>\n<\/div><\/div>\n\n\n\n<div class=\"wp-block-group\"><div class=\"wp-block-group__inner-container is-layout-constrained wp-block-group-is-layout-constrained\">\n<p>A\u00f1o 2024<\/p>\n\n\n\n<div class=\"wp-block-button\"><a class=\"wp-block-button__link has-background wp-element-button\" href=\"https:\/\/cip.usac.edu.gt\/wp-content\/uploads\/2024\/11\/Req.-Directorio-Empleados.pdf\" style=\"background-color:#1e3475\">Descargar Directorio en PDF<\/a><\/div>\n<\/div><\/div>\n\n\n\n<div class=\"wp-block-group\"><div class=\"wp-block-group__inner-container is-layout-constrained wp-block-group-is-layout-constrained\">\n<p>A\u00f1o 2023<\/p>\n\n\n\n<div class=\"wp-block-button\"><a class=\"wp-block-button__link has-background wp-element-button\" href=\"https:\/\/cip.usac.edu.gt\/wp-content\/uploads\/2024\/01\/Req.-Directorio-Empleados-USAC-2023.pdf\" style=\"background-color:#1e3475\">Descargar Directorio en PDF<\/a><\/div>\n<\/div><\/div>\n\n\n\n<div class=\"wp-block-group\"><div class=\"wp-block-group__inner-container is-layout-constrained wp-block-group-is-layout-constrained\">\n<p>A\u00f1o 2022<\/p>\n\n\n\n<div class=\"wp-block-button\"><a class=\"wp-block-button__link has-background wp-element-button\" href=\"https:\/\/cip.usac.edu.gt\/wp-content\/uploads\/2022\/02\/Req.-Directorio-Empleados-2022-1.pdf\" style=\"background-color:#1e3475\">Descargar Directorio en PDF<\/a><\/div>\n<\/div><\/div>\n\n\n\n<div style=\"height:100px\" aria-hidden=\"true\" class=\"wp-block-spacer\"><\/div>\n\n\n\n<figure class=\"wp-block-image alignwide size-large\"><img loading=\"lazy\" decoding=\"async\" width=\"1024\" height=\"294\" src=\"https:\/\/cip.usac.edu.gt\/wp-content\/uploads\/2021\/06\/rectoria005-1024x294.jpg\" alt=\"\" class=\"wp-image-2603\" srcset=\"https:\/\/cip.usac.edu.gt\/wp-content\/uploads\/2021\/06\/rectoria005-1024x294.jpg 1024w, https:\/\/cip.usac.edu.gt\/wp-content\/uploads\/2021\/06\/rectoria005-300x86.jpg 300w, https:\/\/cip.usac.edu.gt\/wp-content\/uploads\/2021\/06\/rectoria005-768x220.jpg 768w, https:\/\/cip.usac.edu.gt\/wp-content\/uploads\/2021\/06\/rectoria005.jpg 1280w\" sizes=\"auto, (max-width: 1024px) 100vw, 1024px\" \/><\/figure>\n\n\n\n<hr class=\"wp-block-separator has-text-color has-vivid-cyan-blue-color has-css-opacity has-vivid-cyan-blue-background-color has-background alignfull is-style-wide\"\/>\n","protected":false},"excerpt":{"rendered":"<p>DIRECTORIO DE EMPLEADOS UNIVERSIDAD DE SAN CARLOS DE GUATEMALAINFORMACI\u00d3N TOMADA DEL SISTEMA INTEGRADO DE INFORMACI\u00d3N FINANCIERA -SIIF- MODULO DE GESTI\u00d3N AUTOMATIZADA DE SALARIOS CON BASE EN LAS NOMINAS DE SALARIOS A\u00f1o 2025 (Segundo Semestre ) A\u00f1o 2025 (Primer semestre ) A\u00f1o 2024 A\u00f1o 2023 A\u00f1o 2022<\/p>\n","protected":false},"author":1,"featured_media":0,"parent":0,"menu_order":0,"comment_status":"closed","ping_status":"closed","template":"","meta":{"footnotes":""},"class_list":["post-204","page","type-page","status-publish","czr-hentry"],"_links":{"self":[{"href":"https:\/\/cip.usac.edu.gt\/index.php\/wp-json\/wp\/v2\/pages\/204","targetHints":{"allow":["GET"]}}],"collection":[{"href":"https:\/\/cip.usac.edu.gt\/index.php\/wp-json\/wp\/v2\/pages"}],"about":[{"href":"https:\/\/cip.usac.edu.gt\/index.php\/wp-json\/wp\/v2\/types\/page"}],"author":[{"embeddable":true,"href":"https:\/\/cip.usac.edu.gt\/index.php\/wp-json\/wp\/v2\/users\/1"}],"replies":[{"embeddable":true,"href":"https:\/\/cip.usac.edu.gt\/index.php\/wp-json\/wp\/v2\/comments?post=204"}],"version-history":[{"count":77,"href":"https:\/\/cip.usac.edu.gt\/index.php\/wp-json\/wp\/v2\/pages\/204\/revisions"}],"predecessor-version":[{"id":6820,"href":"https:\/\/cip.usac.edu.gt\/index.php\/wp-json\/wp\/v2\/pages\/204\/revisions\/6820"}],"wp:attachment":[{"href":"https:\/\/cip.usac.edu.gt\/index.php\/wp-json\/wp\/v2\/media?parent=204"}],"curies":[{"name":"wp","href":"https:\/\/api.w.org\/{rel}","templated":true}]}}