{"id":189,"date":"2019-06-11T20:50:23","date_gmt":"2019-06-11T20:50:23","guid":{"rendered":"http:\/\/c3.usac.edu.gt\/cip.usac.edu.gt\/public_html\/?page_id=189"},"modified":"2024-07-22T16:24:21","modified_gmt":"2024-07-22T16:24:21","slug":"estructura-organica","status":"publish","type":"page","link":"https:\/\/cip.usac.edu.gt\/index.php\/estructura-organica\/","title":{"rendered":"1. Estructura Org\u00e1nica, Funciones de las dependencias y Marco Normativo"},"content":{"rendered":"\n<h4 class=\"wp-block-heading\" id=\"estructura-organica\"><strong>Estructura Org\u00e1nica<\/strong><\/h4>\n\n\n\n<p>El organigrama general de la Universidad de San Carlos de Guatemala es publicado  y actualizado todos los a\u00f1os.<\/p>\n\n\n\n<p>Puede descargarlo en.<\/p>\n\n\n\n<div class=\"wp-block-button\"><a class=\"wp-block-button__link has-background wp-element-button\" href=\"https:\/\/cip.usac.edu.gt\/wp-content\/uploads\/2024\/07\/Organigrama.pdf\" style=\"background-color:#1e3475\">Descargar PDF <\/a><\/div>\n\n\n\n<hr class=\"wp-block-separator has-css-opacity is-style-wide\"\/>\n\n\n\n<h4 class=\"wp-block-heading\" id=\"funciones-de-cada-dependencias\"><strong>Funciones de cada Dependencias<\/strong><\/h4>\n\n\n\n<p>En este espacio puede descargar los Manuales de Organizaci\u00f3n de las Unidades Acad\u00e9micas y Administrativas de la USAC.<\/p>\n\n\n\n<div class=\"wp-block-button target=&quot;_blank&quot;\"><a class=\"wp-block-button__link has-background wp-element-button\" href=\"https:\/\/ddo.usac.edu.gt\/\" style=\"background-color:#1e3475\" target=\"_blank\" rel=\"noreferrer noopener\">Ir al sitio de Manuales de Organizaci\u00f3n  <\/a><\/div>\n\n\n\n<hr class=\"wp-block-separator has-alpha-channel-opacity\"\/>\n\n\n\n<div class=\"wp-block-columns is-layout-flex wp-container-core-columns-is-layout-9d6595d7 wp-block-columns-is-layout-flex\">\n<div class=\"wp-block-column is-layout-flow wp-block-column-is-layout-flow\">\n<div class=\"wp-block-buttons is-layout-flex wp-block-buttons-is-layout-flex\">\n<div class=\"wp-block-button\"><a class=\"wp-block-button__link has-background wp-element-button\" href=\"https:\/\/ddo.usac.edu.gt\/index.php\/administracion-central\/\" style=\"background-color:#1e3475\">Administraci\u00f3n Central <\/a><\/div>\n<\/div>\n<\/div>\n\n\n\n<div class=\"wp-block-column is-layout-flow wp-block-column-is-layout-flow\">\n<div class=\"wp-block-buttons is-layout-flex wp-block-buttons-is-layout-flex\">\n<div class=\"wp-block-button\"><a class=\"wp-block-button__link has-background wp-element-button\" href=\"https:\/\/ddo.usac.edu.gt\/index.php\/direcciones-generales-2\/\" style=\"background-color:#1e3475\">Direcciones Generales<\/a><\/div>\n<\/div>\n<\/div>\n\n\n\n<div class=\"wp-block-column is-layout-flow wp-block-column-is-layout-flow\">\n<div class=\"wp-block-buttons is-layout-flex wp-block-buttons-is-layout-flex\">\n<div class=\"wp-block-button is-style-fill\"><a class=\"wp-block-button__link has-background wp-element-button\" href=\"https:\/\/ddo.usac.edu.gt\/index.php\/facultades\/\" style=\"background-color:#1e3475\">Facultades <\/a><\/div>\n<\/div>\n<\/div>\n<\/div>\n\n\n\n<div class=\"wp-block-columns is-layout-flex wp-container-core-columns-is-layout-9d6595d7 wp-block-columns-is-layout-flex\">\n<div class=\"wp-block-column is-layout-flow wp-block-column-is-layout-flow\">\n<div class=\"wp-block-buttons is-layout-flex wp-block-buttons-is-layout-flex\">\n<div class=\"wp-block-button\"><a class=\"wp-block-button__link has-white-color has-text-color has-background has-link-color wp-element-button\" href=\"https:\/\/ddo.usac.edu.gt\/index.php\/escuelas-no-facultativas\/\" style=\"background-color:#1e3475\">Escuelas no Facultativas <\/a><\/div>\n<\/div>\n<\/div>\n\n\n\n<div class=\"wp-block-column is-layout-flow wp-block-column-is-layout-flow\">\n<div class=\"wp-block-buttons is-layout-flex wp-block-buttons-is-layout-flex\">\n<div class=\"wp-block-button\"><a class=\"wp-block-button__link has-background wp-element-button\" href=\"https:\/\/ddo.usac.edu.gt\/index.php\/centros-universitarios\/\" style=\"background-color:#1e3475\">Centros Universitarios <\/a><\/div>\n<\/div>\n<\/div>\n\n\n\n<div class=\"wp-block-column is-layout-flow wp-block-column-is-layout-flow\">\n<div class=\"wp-block-buttons is-layout-flex wp-block-buttons-is-layout-flex\">\n<div class=\"wp-block-button\"><a class=\"wp-block-button__link has-background wp-element-button\" href=\"https:\/\/ddo.usac.edu.gt\/index.php\/institutos\/\" style=\"background-color:#1e3475\">Institutos <\/a><\/div>\n<\/div>\n<\/div>\n<\/div>\n\n\n\n<hr class=\"wp-block-separator has-css-opacity is-style-wide\"\/>\n\n\n\n<h4 class=\"wp-block-heading\" id=\"marco-normativo\"><strong>Marco Normativo <\/strong><\/h4>\n\n\n\n<p>Con fundamento en lo estipulado en el Art\u00edculo 82 de la Constituci\u00f3n Pol\u00edtica de la Rep\u00fablica de Guatemala, la Universidad de San Carlos de Guatemala se rige por sus propias normas las que se aplican a cada una de sus actividades relacionadas con su objetivo.<\/p>\n\n\n\n<p>Su organizaci\u00f3n reglamentaria la constituyen normas jer\u00e1rquicamente establecidas como son:  Constituci\u00f3n Pol\u00edtica de la Rep\u00fablica de Guatemala, su Ley Org\u00e1nica, Estatuto, Reglamentos y Normativos necesarios para su buen funcionamiento, los que est\u00e1n contenidos en el presente compendio denominado \u201cLeyes y Reglamentos de la Universidad de San Carlos de Guatemala\u201d, las cuales se ponen a disposici\u00f3n de la Comunidad Universitaria para que el quehacer de esta Casa de Estudios Superiores est\u00e9 apegado al Principio de Legalidad, cumpliendo sus fines conforme al mandato constitucional.<\/p>\n\n\n\n<p><strong><em>\u201cID Y ENSE\u00d1AD A TODOS\u201d<\/em><\/strong><\/p>\n\n\n\n<div class=\"wp-block-button\"><a class=\"wp-block-button__link has-background wp-element-button\" href=\"https:\/\/cip.usac.edu.gt\/wp-content\/uploads\/2020\/03\/LEYES-Y-REGLAMENTOS-FINAL.pdf\" style=\"background-color:#1e3475\" target=\"_blank\" rel=\"noreferrer noopener\">Descargar PDF <\/a><\/div>\n\n\n\n<hr class=\"wp-block-separator has-css-opacity is-style-wide\"\/>\n\n\n\n<div class=\"wp-block-group\"><div class=\"wp-block-group__inner-container is-layout-flow wp-block-group-is-layout-flow\">\n<h4 class=\"wp-block-heading\" id=\"convenio-marco-de-cooperacion-suscrito-entre-el-mineduc-y-la-usac\"><strong>Convenio marco de Cooperaci\u00f3n suscrito entre el MINEDUC y la USAC<\/strong><\/h4>\n\n\n\n<p>La suscripci\u00f3n del presente Convenio, tiene por objetivo establecer las bases generales de cooperaci\u00f3n entre EL MINISTERIO DE EDUCACI\u00d3N DE GUATEMALA y la UNIVERSIDAD DE SAN CARLOS DE GUATEMALA en los diversos campos de la educaci\u00f3n.<\/p>\n\n\n\n<div class=\"wp-block-button\"><a class=\"wp-block-button__link has-background wp-element-button\" href=\"https:\/\/cip.usac.edu.gt\/wp-content\/uploads\/2020\/03\/Convenio-Marco-entre-el-MINEDUC-y-la-USAC.pdf\" style=\"background-color:#1e3475\" target=\"_blank\" rel=\"noreferrer noopener\">Descargar PDF<\/a><\/div>\n<\/div><\/div>\n\n\n\n<hr class=\"wp-block-separator has-css-opacity is-style-wide\"\/>\n\n\n\n<h4 class=\"wp-block-heading\" id=\"convenio-fid\"><strong>Convenio FID <\/strong><\/h4>\n\n\n\n<p>Convenio Espec\u00edfico de Cooperaci\u00f3n para la Transici\u00f3n de la formaci\u00f3n incial de Docentes a Nivel Superior en la Rep\u00fablica de Guatemala.<\/p>\n\n\n\n<div class=\"wp-block-button\"><a class=\"wp-block-button__link has-background wp-element-button\" href=\"https:\/\/cip.usac.edu.gt\/wp-content\/uploads\/2020\/07\/Convenio-FID-USAC.pdf\" style=\"background-color:#1e3475\" target=\"_blank\" rel=\"noreferrer noopener\">Descargar PDF<\/a><\/div>\n\n\n\n<hr class=\"wp-block-separator has-text-color has-vivid-cyan-blue-color has-css-opacity has-vivid-cyan-blue-background-color has-background alignfull is-style-default\"\/>\n","protected":false},"excerpt":{"rendered":"<p>Estructura Org\u00e1nica El organigrama general de la Universidad de San Carlos de Guatemala es publicado y actualizado todos los a\u00f1os. Puede descargarlo en. Funciones de cada Dependencias En este espacio puede descargar los Manuales de Organizaci\u00f3n de las Unidades Acad\u00e9micas y Administrativas de la USAC. Marco Normativo Con fundamento en lo estipulado en el Art\u00edculo [&hellip;]<\/p>\n","protected":false},"author":1,"featured_media":0,"parent":0,"menu_order":0,"comment_status":"closed","ping_status":"closed","template":"","meta":{"footnotes":""},"class_list":["post-189","page","type-page","status-publish","czr-hentry"],"_links":{"self":[{"href":"https:\/\/cip.usac.edu.gt\/index.php\/wp-json\/wp\/v2\/pages\/189","targetHints":{"allow":["GET"]}}],"collection":[{"href":"https:\/\/cip.usac.edu.gt\/index.php\/wp-json\/wp\/v2\/pages"}],"about":[{"href":"https:\/\/cip.usac.edu.gt\/index.php\/wp-json\/wp\/v2\/types\/page"}],"author":[{"embeddable":true,"href":"https:\/\/cip.usac.edu.gt\/index.php\/wp-json\/wp\/v2\/users\/1"}],"replies":[{"embeddable":true,"href":"https:\/\/cip.usac.edu.gt\/index.php\/wp-json\/wp\/v2\/comments?post=189"}],"version-history":[{"count":85,"href":"https:\/\/cip.usac.edu.gt\/index.php\/wp-json\/wp\/v2\/pages\/189\/revisions"}],"predecessor-version":[{"id":5845,"href":"https:\/\/cip.usac.edu.gt\/index.php\/wp-json\/wp\/v2\/pages\/189\/revisions\/5845"}],"wp:attachment":[{"href":"https:\/\/cip.usac.edu.gt\/index.php\/wp-json\/wp\/v2\/media?parent=189"}],"curies":[{"name":"wp","href":"https:\/\/api.w.org\/{rel}","templated":true}]}}